{"id":1298,"date":"2025-02-12T14:28:26","date_gmt":"2025-02-12T14:28:26","guid":{"rendered":"https:\/\/gi-black.com\/?page_id=1298"},"modified":"2025-03-03T10:09:39","modified_gmt":"2025-03-03T10:09:39","slug":"about-us","status":"publish","type":"page","link":"https:\/\/gi-black.com\/cs\/about-us\/","title":{"rendered":"O n\u00e1s"},"content":{"rendered":"<div data-elementor-type=\"wp-page\" data-elementor-id=\"1298\" class=\"elementor elementor-1298\" data-elementor-post-type=\"page\">\n\t\t\t\t<div class=\"elementor-element elementor-element-aba2678 e-flex e-con-boxed e-con e-parent\" data-id=\"aba2678\" data-element_type=\"container\" data-settings=\"{&quot;background_background&quot;:&quot;classic&quot;}\">\n\t\t\t\t\t<div class=\"e-con-inner\">\n\t\t<div class=\"elementor-element elementor-element-17b8df4 e-con-full e-flex e-con e-child\" data-id=\"17b8df4\" data-element_type=\"container\">\n\t\t\t\t<div class=\"elementor-element elementor-element-36b5cb9 elementor-widget elementor-widget-progress-tracker\" data-id=\"36b5cb9\" data-element_type=\"widget\" data-settings=\"{&quot;sticky&quot;:&quot;top&quot;,&quot;type&quot;:&quot;horizontal&quot;,&quot;relative_to&quot;:&quot;entire_page&quot;,&quot;percentage&quot;:&quot;no&quot;,&quot;sticky_on&quot;:[&quot;desktop&quot;,&quot;tablet&quot;,&quot;mobile&quot;],&quot;sticky_offset&quot;:0,&quot;sticky_effects_offset&quot;:0}\" data-widget_type=\"progress-tracker.default\">\n\t\t\t\t<div class=\"elementor-widget-container\">\n\t\t\t\t\t\n\t\t<div class=\"elementor-scrolling-tracker elementor-scrolling-tracker-horizontal elementor-scrolling-tracker-alignment-\">\n\t\t\t\t\t\t<div class=\"current-progress\">\n\t\t\t\t\t<div class=\"current-progress-percentage\"><\/div>\n\t\t\t\t<\/div>\n\t\t\t\t<\/div>\n\t\t\t\t\t\t<\/div>\n\t\t\t\t<\/div>\n\t\t\t\t<\/div>\n\t\t\t\t\t<\/div>\n\t\t\t\t<\/div>\n\t\t<div class=\"elementor-element elementor-element-88dcb1b e-con-full e-flex e-con e-parent\" data-id=\"88dcb1b\" data-element_type=\"container\" data-settings=\"{&quot;background_background&quot;:&quot;classic&quot;}\">\n\t\t<div class=\"elementor-element elementor-element-f914c75 e-con-full e-flex e-con e-child\" data-id=\"f914c75\" data-element_type=\"container\" data-settings=\"{&quot;background_background&quot;:&quot;classic&quot;}\">\n\t\t<div class=\"elementor-element elementor-element-6e18261 e-con-full animated-slow e-flex elementor-invisible e-con e-child\" data-id=\"6e18261\" data-element_type=\"container\" data-settings=\"{&quot;background_background&quot;:&quot;classic&quot;,&quot;animation&quot;:&quot;zoomIn&quot;}\">\n\t\t<div class=\"elementor-element elementor-element-db506c9 e-flex e-con-boxed e-con e-child\" data-id=\"db506c9\" data-element_type=\"container\">\n\t\t\t\t\t<div class=\"e-con-inner\">\n\t\t<div class=\"elementor-element elementor-element-ff76ca9 e-con-full e-flex e-con e-child\" data-id=\"ff76ca9\" data-element_type=\"container\">\n\t\t<div class=\"elementor-element elementor-element-b530584 e-con-full e-flex e-con e-child\" data-id=\"b530584\" data-element_type=\"container\">\n\t\t\t\t<div class=\"elementor-element elementor-element-ea7dc75 elementor-widget elementor-widget-elementskit-heading\" data-id=\"ea7dc75\" data-element_type=\"widget\" data-widget_type=\"elementskit-heading.default\">\n\t\t\t\t<div class=\"elementor-widget-container\">\n\t\t\t\t\t<div class=\"ekit-wid-con\" ><div class=\"ekit-heading elementskit-section-title-wraper text_left   ekit_heading_tablet-   ekit_heading_mobile-\"><h3 class=\"elementskit-section-subtitle   ekit-heading__subtitle-has-border\">\n\t\t\t\t\t\tO n\u00e1s\n\t\t\t\t\t<\/h3><h2 class=\"ekit-heading--title elementskit-section-title\">10 let <span><span>spolehlivosti<\/span><\/span>  a r\u016fstu <\/h2>\t\t\t\t<div class='ekit-heading__description'>\n\t\t\t\t\t<p>Budoucnost utv\u00e1\u0159\u00edme spojen\u00edm zku\u0161enost\u00ed, inovac\u00ed a z\u00e1vazku k dokonalosti. Ji\u017e 10 let je na\u0161e spole\u010dnost d\u016fv\u011bryhodn\u00fdm partnerem, kter\u00fd zav\u00e1d\u00ed \u0161pi\u010dkov\u00e1 \u0159e\u0161en\u00ed a stanovuje nov\u00e9 standardy kvality.<\/p>\n\t\t\t\t<\/div>\n\t\t\t<\/div><\/div>\t\t\t\t<\/div>\n\t\t\t\t<\/div>\n\t\t\t\t<div class=\"elementor-element elementor-element-a4a925b elementor-mobile-align-justify elementor-widget elementor-widget-button\" data-id=\"a4a925b\" data-element_type=\"widget\" data-widget_type=\"button.default\">\n\t\t\t\t<div class=\"elementor-widget-container\">\n\t\t\t\t\t\t\t\t\t<div class=\"elementor-button-wrapper\">\n\t\t\t\t\t<a class=\"elementor-button elementor-button-link elementor-size-sm\" href=\"https:\/\/inv.gi-black.com\/registration\">\n\t\t\t\t\t\t<span class=\"elementor-button-content-wrapper\">\n\t\t\t\t\t\t\t\t\t<span class=\"elementor-button-text\">Za\u010d\u00edt<\/span>\n\t\t\t\t\t<\/span>\n\t\t\t\t\t<\/a>\n\t\t\t\t<\/div>\n\t\t\t\t\t\t\t\t<\/div>\n\t\t\t\t<\/div>\n\t\t\t\t<\/div>\n\t\t\t\t<\/div>\n\t\t\t\t\t<\/div>\n\t\t\t\t<\/div>\n\t\t\t\t<\/div>\n\t\t\t\t<\/div>\n\t\t\t\t<\/div>\n\t\t<div class=\"elementor-element elementor-element-5b8e48b e-flex e-con-boxed e-con e-parent\" data-id=\"5b8e48b\" data-element_type=\"container\" data-settings=\"{&quot;background_background&quot;:&quot;classic&quot;}\">\n\t\t\t\t\t<div class=\"e-con-inner\">\n\t\t<div class=\"elementor-element elementor-element-8cf49ef e-con-full e-flex e-con e-child\" data-id=\"8cf49ef\" data-element_type=\"container\">\n\t\t<div class=\"elementor-element elementor-element-352b37d e-con-full e-flex e-con e-child\" data-id=\"352b37d\" data-element_type=\"container\">\n\t\t\t\t<div class=\"elementor-element elementor-element-9d39cbf elementor-widget elementor-widget-elementskit-heading\" data-id=\"9d39cbf\" data-element_type=\"widget\" data-widget_type=\"elementskit-heading.default\">\n\t\t\t\t<div class=\"elementor-widget-container\">\n\t\t\t\t\t<div class=\"ekit-wid-con\" ><div class=\"ekit-heading elementskit-section-title-wraper text_left   ekit_heading_tablet-   ekit_heading_mobile-\"><h3 class=\"elementskit-section-subtitle   ekit-heading__subtitle-has-border\">\n\t\t\t\t\t\tVyberte si n\u00e1s\n\t\t\t\t\t<\/h3><h2 class=\"ekit-heading--title elementskit-section-title\">Pro\u010d si vybrat <span><span>Gi-black?<\/span><\/span> <\/h2>\t\t\t\t<div class='ekit-heading__description'>\n\t\t\t\t\t<p>Nab\u00edz\u00edme profesion\u00e1ln\u00ed kryptografick\u00e9 makl\u00e9\u0159sk\u00e9 slu\u017eby pro za\u010d\u00e1te\u010dn\u00edky i zku\u0161en\u00e9 obchodn\u00edky. Poskytujeme n\u00e1stroje, kter\u00e9 pot\u0159ebujete k \u00fasp\u011bchu, od bezpe\u010dn\u00e9 spr\u00e1vy aktiv a\u017e po odborn\u00e9 poradenstv\u00ed.<\/p>\n\t\t\t\t<\/div>\n\t\t\t<\/div><\/div>\t\t\t\t<\/div>\n\t\t\t\t<\/div>\n\t\t\t\t<\/div>\n\t\t\t\t<\/div>\n\t\t<div class=\"elementor-element elementor-element-f782684 e-con-full elementor-hidden-tablet elementor-hidden-mobile e-flex e-con e-child\" data-id=\"f782684\" data-element_type=\"container\" data-settings=\"{&quot;background_background&quot;:&quot;classic&quot;}\">\n\t\t\t\t<\/div>\n\t\t<div class=\"elementor-element elementor-element-e9a4f92 e-con-full e-flex e-con e-child\" data-id=\"e9a4f92\" data-element_type=\"container\">\n\t\t<div class=\"elementor-element elementor-element-63fd643 e-con-full e-flex e-con e-child\" data-id=\"63fd643\" data-element_type=\"container\">\n\t\t<div class=\"elementor-element elementor-element-cd96050 e-con-full e-flex e-con e-child\" data-id=\"cd96050\" data-element_type=\"container\">\n\t\t\t\t<div class=\"elementor-element elementor-element-fdcaa89 elementor-widget elementor-widget-heading\" data-id=\"fdcaa89\" data-element_type=\"widget\" data-widget_type=\"heading.default\">\n\t\t\t\t<div class=\"elementor-widget-container\">\n\t\t\t\t\t<h2 class=\"elementor-heading-title elementor-size-default\">Nekompromisn\u00ed zabezpe\u010den\u00ed a spolehlivost<\/h2>\t\t\t\t<\/div>\n\t\t\t\t<\/div>\n\t\t\t\t<div class=\"elementor-element elementor-element-98c15a3 elementor-widget elementor-widget-text-editor\" data-id=\"98c15a3\" data-element_type=\"widget\" data-widget_type=\"text-editor.default\">\n\t\t\t\t<div class=\"elementor-widget-container\">\n\t\t\t\t\t\t\t\t\t<p>Va\u0161e aktiva jsou chr\u00e1n\u011bna pokro\u010dil\u00fdmi bezpe\u010dnostn\u00edmi syst\u00e9my v\u010detn\u011b v\u00edcevrstv\u00e9ho \u0161ifrov\u00e1n\u00ed, chladic\u00edho \u00falo\u017ei\u0161t\u011b a monitorov\u00e1n\u00ed v re\u00e1ln\u00e9m \u010dase. Poskytujeme ochranu va\u0161ich prost\u0159edk\u016f a dat na institucion\u00e1ln\u00ed \u00farovni.<\/p>\t\t\t\t\t\t\t\t<\/div>\n\t\t\t\t<\/div>\n\t\t\t\t<\/div>\n\t\t<div class=\"elementor-element elementor-element-be58493 e-con-full e-flex e-con e-child\" data-id=\"be58493\" data-element_type=\"container\">\n\t\t\t\t<div class=\"elementor-element elementor-element-738beb2 elementor-widget elementor-widget-heading\" data-id=\"738beb2\" data-element_type=\"widget\" data-widget_type=\"heading.default\">\n\t\t\t\t<div class=\"elementor-widget-container\">\n\t\t\t\t\t<h2 class=\"elementor-heading-title elementor-size-default\">Nejmodern\u011bj\u0161\u00ed obchodn\u00ed n\u00e1stroje a p\u0159ehled o trhu<\/h2>\t\t\t\t<\/div>\n\t\t\t\t<\/div>\n\t\t\t\t<div class=\"elementor-element elementor-element-18caeb2 elementor-widget elementor-widget-text-editor\" data-id=\"18caeb2\" data-element_type=\"widget\" data-widget_type=\"text-editor.default\">\n\t\t\t\t<div class=\"elementor-widget-container\">\n\t\t\t\t\t\t\t\t\t<p>Z\u00edskejte n\u00e1skok d\u00edky analytice \u0159\u00edzen\u00e9 um\u011blou inteligenc\u00ed, rychl\u00e9mu prov\u00e1d\u011bn\u00ed p\u0159\u00edkaz\u016f a p\u0159izp\u016fsobiteln\u00fdm obchodn\u00edm strategi\u00edm. Z\u00edskejte p\u0159\u00edstup k hlubok\u00e9 likvidit\u011b, bezprobl\u00e9mov\u00e9 integraci API a p\u0159ehled o trhu v re\u00e1ln\u00e9m \u010dase pro informovan\u00e9 a strategick\u00e9 obchodov\u00e1n\u00ed.<\/p>\t\t\t\t\t\t\t\t<\/div>\n\t\t\t\t<\/div>\n\t\t\t\t<\/div>\n\t\t<div class=\"elementor-element elementor-element-ff47f49 e-con-full e-flex e-con e-child\" data-id=\"ff47f49\" data-element_type=\"container\">\n\t\t\t\t<div class=\"elementor-element elementor-element-224c0ca elementor-widget elementor-widget-heading\" data-id=\"224c0ca\" data-element_type=\"widget\" data-widget_type=\"heading.default\">\n\t\t\t\t<div class=\"elementor-widget-container\">\n\t\t\t\t\t<h2 class=\"elementor-heading-title elementor-size-default\">Specializovan\u00e1 podpora a dodr\u017eov\u00e1n\u00ed p\u0159edpis\u016f<\/h2>\t\t\t\t<\/div>\n\t\t\t\t<\/div>\n\t\t\t\t<div class=\"elementor-element elementor-element-c7551c3 elementor-widget elementor-widget-text-editor\" data-id=\"c7551c3\" data-element_type=\"widget\" data-widget_type=\"text-editor.default\">\n\t\t\t\t<div class=\"elementor-widget-container\">\n\t\t\t\t\t\t\t\t\t<p>Na\u0161i odborn\u00edci jsou v\u00e1m k dispozici 24 hodin denn\u011b, 7 dn\u00ed v t\u00fddnu a pomohou v\u00e1m se v\u0161\u00edm od nastaven\u00ed \u00fa\u010dtu a\u017e po pokro\u010dil\u00e9 obchodov\u00e1n\u00ed. Zaji\u0161\u0165ujeme plnou transparentnost a dodr\u017eov\u00e1n\u00ed p\u0159edpis\u016f a poskytujeme bezpe\u010dn\u00e9 prost\u0159ed\u00ed pro va\u0161e investice.<\/p>\t\t\t\t\t\t\t\t<\/div>\n\t\t\t\t<\/div>\n\t\t\t\t<\/div>\n\t\t\t\t<\/div>\n\t\t<div class=\"elementor-element elementor-element-7860df9 e-con-full e-flex e-con e-child\" data-id=\"7860df9\" data-element_type=\"container\">\n\t\t<div class=\"elementor-element elementor-element-5bf8575 e-con-full e-flex e-con e-child\" data-id=\"5bf8575\" data-element_type=\"container\">\n\t\t\t\t<div class=\"elementor-element elementor-element-5d0a390 elementor-widget elementor-widget-elementskit-heading\" data-id=\"5d0a390\" data-element_type=\"widget\" data-widget_type=\"elementskit-heading.default\">\n\t\t\t\t<div class=\"elementor-widget-container\">\n\t\t\t\t\t<div class=\"ekit-wid-con\" ><div class=\"ekit-heading elementskit-section-title-wraper text_left   ekit_heading_tablet-   ekit_heading_mobile-\"><h3 class=\"elementskit-section-subtitle   ekit-heading__subtitle-has-border\">\n\t\t\t\t\t\tV\u00fdhody\n\t\t\t\t\t<\/h3><h2 class=\"ekit-heading--title elementskit-section-title translation-block\">Maximum <span><span>Profit <\/span><\/span><\/h2>\t\t\t\t<div class='ekit-heading__description'>\n\t\t\t\t\t<p>Z\u00edskejte v\u00edce p\u0159\u00edle\u017eitost\u00ed k \u00fasp\u011b\u0161n\u00e9mu obchodov\u00e1n\u00ed d\u00edky na\u0161im jedine\u010dn\u00fdm podm\u00ednk\u00e1m. Poskytujeme \u0161pi\u010dkov\u00e9 n\u00e1stroje, odbornou podporu a bezprobl\u00e9movou realizaci, kter\u00e1 v\u00e1m pom\u016f\u017ee maximalizovat va\u0161e v\u00fdsledky.<\/p>\n\t\t\t\t<\/div>\n\t\t\t<\/div><\/div>\t\t\t\t<\/div>\n\t\t\t\t<\/div>\n\t\t\t\t<\/div>\n\t\t<div class=\"elementor-element elementor-element-c03b30a e-con-full e-flex e-con e-child\" data-id=\"c03b30a\" data-element_type=\"container\">\n\t\t\t\t<\/div>\n\t\t<div class=\"elementor-element elementor-element-3ebe877 e-con-full e-flex e-con e-child\" data-id=\"3ebe877\" data-element_type=\"container\">\n\t\t\t\t<\/div>\n\t\t\t\t<\/div>\n\t\t\t\t<\/div>\n\t\t<div class=\"elementor-element elementor-element-2c29c63 e-con-full e-flex e-con e-child\" data-id=\"2c29c63\" data-element_type=\"container\" data-settings=\"{&quot;background_background&quot;:&quot;classic&quot;}\">\n\t\t<div class=\"elementor-element elementor-element-5c7794e e-con-full e-flex e-con e-child\" data-id=\"5c7794e\" data-element_type=\"container\">\n\t\t\t\t<div class=\"elementor-element elementor-element-9accf5d elementor-widget elementor-widget-counter\" data-id=\"9accf5d\" data-element_type=\"widget\" data-widget_type=\"counter.default\">\n\t\t\t\t<div class=\"elementor-widget-container\">\n\t\t\t\t\t\t\t<div class=\"elementor-counter\">\n\t\t\t\t\t\t<div class=\"elementor-counter-number-wrapper\">\n\t\t\t\t<span class=\"elementor-counter-number-prefix\"><\/span>\n\t\t\t\t<span class=\"elementor-counter-number\" data-duration=\"2000\" data-to-value=\"100\" data-from-value=\"0\">0<\/span>\n\t\t\t\t<span class=\"elementor-counter-number-suffix\">%<\/span>\n\t\t\t<\/div>\n\t\t<\/div>\n\t\t\t\t\t\t<\/div>\n\t\t\t\t<\/div>\n\t\t\t\t<div class=\"elementor-element elementor-element-614c634 elementor-widget elementor-widget-heading\" data-id=\"614c634\" data-element_type=\"widget\" data-widget_type=\"heading.default\">\n\t\t\t\t<div class=\"elementor-widget-container\">\n\t\t\t\t\t<h2 class=\"elementor-heading-title elementor-size-default\">Zabezpe\u010den\u00ed<\/h2>\t\t\t\t<\/div>\n\t\t\t\t<\/div>\n\t\t\t\t<div class=\"elementor-element elementor-element-2b76c9a elementor-widget elementor-widget-text-editor\" data-id=\"2b76c9a\" data-element_type=\"widget\" data-widget_type=\"text-editor.default\">\n\t\t\t\t<div class=\"elementor-widget-container\">\n\t\t\t\t\t\t\t\t\t<p>Va\u0161e prost\u0159edky jsou pln\u011b chr\u00e1n\u011bny v\u00edcevrstv\u00fdm \u0161ifrov\u00e1n\u00edm a pokro\u010dil\u00fdmi bezpe\u010dnostn\u00edmi protokoly.<\/p>\t\t\t\t\t\t\t\t<\/div>\n\t\t\t\t<\/div>\n\t\t\t\t<\/div>\n\t\t<div class=\"elementor-element elementor-element-e8232b4 e-con-full e-flex e-con e-child\" data-id=\"e8232b4\" data-element_type=\"container\">\n\t\t\t\t<div class=\"elementor-element elementor-element-40077d0 elementor-widget elementor-widget-counter\" data-id=\"40077d0\" data-element_type=\"widget\" data-widget_type=\"counter.default\">\n\t\t\t\t<div class=\"elementor-widget-container\">\n\t\t\t\t\t\t\t<div class=\"elementor-counter\">\n\t\t\t\t\t\t<div class=\"elementor-counter-number-wrapper\">\n\t\t\t\t<span class=\"elementor-counter-number-prefix\"><\/span>\n\t\t\t\t<span class=\"elementor-counter-number\" data-duration=\"2000\" data-to-value=\"120\" data-from-value=\"0\">0<\/span>\n\t\t\t\t<span class=\"elementor-counter-number-suffix\">%<\/span>\n\t\t\t<\/div>\n\t\t<\/div>\n\t\t\t\t\t\t<\/div>\n\t\t\t\t<\/div>\n\t\t\t\t<div class=\"elementor-element elementor-element-2dc0270 elementor-widget elementor-widget-heading\" data-id=\"2dc0270\" data-element_type=\"widget\" data-widget_type=\"heading.default\">\n\t\t\t\t<div class=\"elementor-widget-container\">\n\t\t\t\t\t<h2 class=\"elementor-heading-title elementor-size-default\">Efektivita<\/h2>\t\t\t\t<\/div>\n\t\t\t\t<\/div>\n\t\t\t\t<div class=\"elementor-element elementor-element-46a14a5 elementor-widget elementor-widget-text-editor\" data-id=\"46a14a5\" data-element_type=\"widget\" data-widget_type=\"text-editor.default\">\n\t\t\t\t<div class=\"elementor-widget-container\">\n\t\t\t\t\t\t\t\t\t<p>Zvy\u0161te svou obchodn\u00ed v\u00fdkonnost pomoc\u00ed analytick\u00fdch n\u00e1stroj\u016f zalo\u017een\u00fdch na um\u011bl\u00e9 inteligenci a p\u0159ehledu o trhu v re\u00e1ln\u00e9m \u010dase.<\/p>\t\t\t\t\t\t\t\t<\/div>\n\t\t\t\t<\/div>\n\t\t\t\t<\/div>\n\t\t<div class=\"elementor-element elementor-element-cc140d4 e-con-full e-flex e-con e-child\" data-id=\"cc140d4\" data-element_type=\"container\">\n\t\t\t\t<div class=\"elementor-element elementor-element-d217ecb elementor-widget elementor-widget-counter\" data-id=\"d217ecb\" data-element_type=\"widget\" data-widget_type=\"counter.default\">\n\t\t\t\t<div class=\"elementor-widget-container\">\n\t\t\t\t\t\t\t<div class=\"elementor-counter\">\n\t\t\t\t\t\t<div class=\"elementor-counter-number-wrapper\">\n\t\t\t\t<span class=\"elementor-counter-number-prefix\"><\/span>\n\t\t\t\t<span class=\"elementor-counter-number\" data-duration=\"2000\" data-to-value=\"150\" data-from-value=\"0\">0<\/span>\n\t\t\t\t<span class=\"elementor-counter-number-suffix\">%<\/span>\n\t\t\t<\/div>\n\t\t<\/div>\n\t\t\t\t\t\t<\/div>\n\t\t\t\t<\/div>\n\t\t\t\t<div class=\"elementor-element elementor-element-52c29a9 elementor-widget elementor-widget-heading\" data-id=\"52c29a9\" data-element_type=\"widget\" data-widget_type=\"heading.default\">\n\t\t\t\t<div class=\"elementor-widget-container\">\n\t\t\t\t\t<h2 class=\"elementor-heading-title elementor-size-default\">Ziskovost<\/h2>\t\t\t\t<\/div>\n\t\t\t\t<\/div>\n\t\t\t\t<div class=\"elementor-element elementor-element-96706a2 elementor-widget elementor-widget-text-editor\" data-id=\"96706a2\" data-element_type=\"widget\" data-widget_type=\"text-editor.default\">\n\t\t\t\t<div class=\"elementor-widget-container\">\n\t\t\t\t\t\t\t\t\t<p>Optimalizujte sv\u00e9 investice pomoc\u00ed strategi\u00ed s vysok\u00fdm v\u00fdnosem a minim\u00e1ln\u00edmi riziky.<\/p>\t\t\t\t\t\t\t\t<\/div>\n\t\t\t\t<\/div>\n\t\t\t\t<\/div>\n\t\t\t\t<\/div>\n\t\t\t\t\t<\/div>\n\t\t\t\t<\/div>\n\t\t<div class=\"elementor-element elementor-element-34906a4 e-flex e-con-boxed e-con e-parent\" data-id=\"34906a4\" data-element_type=\"container\" data-settings=\"{&quot;background_background&quot;:&quot;classic&quot;}\">\n\t\t\t\t\t<div class=\"e-con-inner\">\n\t\t<div class=\"elementor-element elementor-element-7185f12 e-con-full e-flex e-con e-child\" data-id=\"7185f12\" data-element_type=\"container\">\n\t\t<div class=\"elementor-element elementor-element-601449e e-con-full e-flex e-con e-child\" data-id=\"601449e\" data-element_type=\"container\">\n\t\t\t\t<div class=\"elementor-element elementor-element-0fcf602 elementor-widget elementor-widget-elementskit-heading\" data-id=\"0fcf602\" data-element_type=\"widget\" data-widget_type=\"elementskit-heading.default\">\n\t\t\t\t<div class=\"elementor-widget-container\">\n\t\t\t\t\t<div class=\"ekit-wid-con\" ><div class=\"ekit-heading elementskit-section-title-wraper text_left   ekit_heading_tablet-   ekit_heading_mobile-\"><h3 class=\"elementskit-section-subtitle   ekit-heading__subtitle-has-border\">\n\t\t\t\t\t\tN\u00e1\u0161 t\u00fdm\n\t\t\t\t\t<\/h3><h2 class=\"ekit-heading--title elementskit-section-title\">T\u00fdm <span><span>profesion\u00e1l\u016f,<\/span><\/span>  kter\u00e9 spojuje jeden c\u00edl <\/h2>\t\t\t\t<div class='ekit-heading__description'>\n\t\t\t\t\t<div class=\"flex max-w-full flex-col flex-grow\">\n<div class=\"min-h-8 text-message flex w-full flex-col items-end gap-2 whitespace-normal break-words text-start [.text-message+&amp;]:mt-5\">\n<div class=\"flex w-full flex-col gap-1 empty:hidden first:pt-[3px]\">\n<div class=\"markdown prose w-full break-words dark:prose-invert light\">\n<p>Jsme t\u00fdm odborn\u00edk\u016f, kte\u0159\u00ed kombinuj\u00ed zku\u0161enosti, kreativitu a hlubok\u00e9 znalosti trhu. Ka\u017ed\u00fd z na\u0161ich odborn\u00edk\u016f je profesion\u00e1l, kter\u00fd je p\u0159ipraven p\u0159ij\u00edmat v\u00fdzvy a hledat nejlep\u0161\u00ed \u0159e\u0161en\u00ed.<\/p>\n<p>Pracujeme jako jednotn\u00fd mechanismus, kde ka\u017ed\u00fd p\u0159\u00edsp\u011bvek m\u00e1 v\u00fdznam. Od analytik\u016f po v\u00fdvoj\u00e1\u0159e n\u00e1s v\u0161echny spojuje jeden c\u00edl: vytv\u00e1\u0159et inovativn\u00ed produkty a poskytovat na\u0161im klient\u016fm ty nejlep\u0161\u00ed slu\u017eby.<\/p>\n<\/div>\n<\/div>\n<\/div>\n<\/div>\n\t\t\t\t<\/div>\n\t\t\t<\/div><\/div>\t\t\t\t<\/div>\n\t\t\t\t<\/div>\n\t\t\t\t<div class=\"elementor-element elementor-element-b438a52 elementor-mobile-align-justify elementor-widget elementor-widget-button\" data-id=\"b438a52\" data-element_type=\"widget\" data-widget_type=\"button.default\">\n\t\t\t\t<div class=\"elementor-widget-container\">\n\t\t\t\t\t\t\t\t\t<div class=\"elementor-button-wrapper\">\n\t\t\t\t\t<a class=\"elementor-button elementor-button-link elementor-size-sm\" href=\"https:\/\/inv.gi-black.com\/registration\">\n\t\t\t\t\t\t<span class=\"elementor-button-content-wrapper\">\n\t\t\t\t\t\t\t\t\t<span class=\"elementor-button-text\">Za\u010d\u00edt<\/span>\n\t\t\t\t\t<\/span>\n\t\t\t\t\t<\/a>\n\t\t\t\t<\/div>\n\t\t\t\t\t\t\t\t<\/div>\n\t\t\t\t<\/div>\n\t\t\t\t<\/div>\n\t\t\t\t<\/div>\n\t\t<div class=\"elementor-element elementor-element-46cd8e0 e-con-full e-flex e-con e-child\" data-id=\"46cd8e0\" data-element_type=\"container\">\n\t\t\t\t<\/div>\n\t\t\t\t\t<\/div>\n\t\t\t\t<\/div>\n\t\t<div class=\"elementor-element elementor-element-7428f4e e-con-full e-flex e-con e-parent\" data-id=\"7428f4e\" data-element_type=\"container\" data-settings=\"{&quot;background_background&quot;:&quot;classic&quot;}\">\n\t\t\t\t<div class=\"elementor-element elementor-element-e406258 elementor-cta--skin-cover elementor-animated-content elementor-bg-transform elementor-bg-transform-zoom-in elementor-widget elementor-widget-call-to-action\" data-id=\"e406258\" data-element_type=\"widget\" data-widget_type=\"call-to-action.default\">\n\t\t\t\t<div class=\"elementor-widget-container\">\n\t\t\t\t\t\t\t<div class=\"elementor-cta\">\n\t\t\t\t\t<div class=\"elementor-cta__bg-wrapper\">\n\t\t\t\t<div class=\"elementor-cta__bg elementor-bg\" style=\"background-image: url(https:\/\/gi-black.com\/wp-content\/uploads\/2025\/02\/bfdb-scaled.jpg);\" role=\"img\" aria-label=\"bfdb\"><\/div>\n\t\t\t\t<div class=\"elementor-cta__bg-overlay\"><\/div>\n\t\t\t<\/div>\n\t\t\t\t\t\t\t<div class=\"elementor-cta__content\">\n\t\t\t\t\n\t\t\t\t\t\t\t\t\t<h2 class=\"elementor-cta__title elementor-cta__content-item elementor-content-item elementor-animated-item--grow\">\n\t\t\t\t\t\tInvestovat do Crypto  <br> Bezpe\u010dn\u011b a s jistotou\t\t\t\t\t<\/h2>\n\t\t\t\t\n\t\t\t\t\t\t\t\t\t<div class=\"elementor-cta__description elementor-cta__content-item elementor-content-item elementor-animated-item--grow\">\n\t\t\t\t\t\tInvestujte do kryptom\u011bn s jistotou, bezpe\u010dnost\u00ed a transparentnost\u00ed.\t\t\t\t\t<\/div>\n\t\t\t\t\n\t\t\t\t\t\t\t\t\t<div class=\"elementor-cta__button-wrapper elementor-cta__content-item elementor-content-item elementor-animated-item--grow\">\n\t\t\t\t\t<a class=\"elementor-cta__button elementor-button elementor-size-\" href=\"https:\/\/inv.gi-black.com\/registration\">\n\t\t\t\t\t\tZa\u010d\u00edt\t\t\t\t\t<\/a>\n\t\t\t\t\t<\/div>\n\t\t\t\t\t\t\t<\/div>\n\t\t\t\t\t\t<\/div>\n\t\t\t\t\t\t<\/div>\n\t\t\t\t<\/div>\n\t\t\t\t<\/div>\n\t\t\t\t<\/div>","protected":false},"excerpt":{"rendered":"<p>About Us 10 Years of Reliability and Growth We are shaping the future by combining experience, innovation, and a commitment to excellence. For 10 years, our company has remained a trusted partner, implementing cutting-edge solutions and setting new quality standards. Get Started Choose Us Why Choose Gi-black? We offer professional-grade crypto brokerage services for both beginners and experienced traders. From [&hellip;]<\/p>","protected":false},"author":2,"featured_media":0,"parent":0,"menu_order":0,"comment_status":"closed","ping_status":"closed","template":"elementor_header_footer","meta":{"footnotes":""},"class_list":["post-1298","page","type-page","status-publish","hentry"],"_links":{"self":[{"href":"https:\/\/gi-black.com\/cs\/wp-json\/wp\/v2\/pages\/1298","targetHints":{"allow":["GET"]}}],"collection":[{"href":"https:\/\/gi-black.com\/cs\/wp-json\/wp\/v2\/pages"}],"about":[{"href":"https:\/\/gi-black.com\/cs\/wp-json\/wp\/v2\/types\/page"}],"author":[{"embeddable":true,"href":"https:\/\/gi-black.com\/cs\/wp-json\/wp\/v2\/users\/2"}],"replies":[{"embeddable":true,"href":"https:\/\/gi-black.com\/cs\/wp-json\/wp\/v2\/comments?post=1298"}],"version-history":[{"count":226,"href":"https:\/\/gi-black.com\/cs\/wp-json\/wp\/v2\/pages\/1298\/revisions"}],"predecessor-version":[{"id":2913,"href":"https:\/\/gi-black.com\/cs\/wp-json\/wp\/v2\/pages\/1298\/revisions\/2913"}],"wp:attachment":[{"href":"https:\/\/gi-black.com\/cs\/wp-json\/wp\/v2\/media?parent=1298"}],"curies":[{"name":"wp","href":"https:\/\/api.w.org\/{rel}","templated":true}]}}