{"id":1298,"date":"2025-02-12T14:28:26","date_gmt":"2025-02-12T14:28:26","guid":{"rendered":"https:\/\/gi-black.com\/?page_id=1298"},"modified":"2025-03-03T10:09:39","modified_gmt":"2025-03-03T10:09:39","slug":"about-us","status":"publish","type":"page","link":"https:\/\/gi-black.com\/de\/about-us\/","title":{"rendered":"\u00dcber uns"},"content":{"rendered":"<div data-elementor-type=\"wp-page\" data-elementor-id=\"1298\" class=\"elementor elementor-1298\" data-elementor-post-type=\"page\">\n\t\t\t\t<div class=\"elementor-element elementor-element-aba2678 e-flex e-con-boxed e-con e-parent\" data-id=\"aba2678\" data-element_type=\"container\" data-settings=\"{&quot;background_background&quot;:&quot;classic&quot;}\">\n\t\t\t\t\t<div class=\"e-con-inner\">\n\t\t<div class=\"elementor-element elementor-element-17b8df4 e-con-full e-flex e-con e-child\" data-id=\"17b8df4\" data-element_type=\"container\">\n\t\t\t\t<div class=\"elementor-element elementor-element-36b5cb9 elementor-widget elementor-widget-progress-tracker\" data-id=\"36b5cb9\" data-element_type=\"widget\" data-settings=\"{&quot;sticky&quot;:&quot;top&quot;,&quot;type&quot;:&quot;horizontal&quot;,&quot;relative_to&quot;:&quot;entire_page&quot;,&quot;percentage&quot;:&quot;no&quot;,&quot;sticky_on&quot;:[&quot;desktop&quot;,&quot;tablet&quot;,&quot;mobile&quot;],&quot;sticky_offset&quot;:0,&quot;sticky_effects_offset&quot;:0}\" data-widget_type=\"progress-tracker.default\">\n\t\t\t\t<div class=\"elementor-widget-container\">\n\t\t\t\t\t\n\t\t<div class=\"elementor-scrolling-tracker elementor-scrolling-tracker-horizontal elementor-scrolling-tracker-alignment-\">\n\t\t\t\t\t\t<div class=\"current-progress\">\n\t\t\t\t\t<div class=\"current-progress-percentage\"><\/div>\n\t\t\t\t<\/div>\n\t\t\t\t<\/div>\n\t\t\t\t\t\t<\/div>\n\t\t\t\t<\/div>\n\t\t\t\t<\/div>\n\t\t\t\t\t<\/div>\n\t\t\t\t<\/div>\n\t\t<div class=\"elementor-element elementor-element-88dcb1b e-con-full e-flex e-con e-parent\" data-id=\"88dcb1b\" data-element_type=\"container\" data-settings=\"{&quot;background_background&quot;:&quot;classic&quot;}\">\n\t\t<div class=\"elementor-element elementor-element-f914c75 e-con-full e-flex e-con e-child\" data-id=\"f914c75\" data-element_type=\"container\" data-settings=\"{&quot;background_background&quot;:&quot;classic&quot;}\">\n\t\t<div class=\"elementor-element elementor-element-6e18261 e-con-full animated-slow e-flex elementor-invisible e-con e-child\" data-id=\"6e18261\" data-element_type=\"container\" data-settings=\"{&quot;background_background&quot;:&quot;classic&quot;,&quot;animation&quot;:&quot;zoomIn&quot;}\">\n\t\t<div class=\"elementor-element elementor-element-db506c9 e-flex e-con-boxed e-con e-child\" data-id=\"db506c9\" data-element_type=\"container\">\n\t\t\t\t\t<div class=\"e-con-inner\">\n\t\t<div class=\"elementor-element elementor-element-ff76ca9 e-con-full e-flex e-con e-child\" data-id=\"ff76ca9\" data-element_type=\"container\">\n\t\t<div class=\"elementor-element elementor-element-b530584 e-con-full e-flex e-con e-child\" data-id=\"b530584\" data-element_type=\"container\">\n\t\t\t\t<div class=\"elementor-element elementor-element-ea7dc75 elementor-widget elementor-widget-elementskit-heading\" data-id=\"ea7dc75\" data-element_type=\"widget\" data-widget_type=\"elementskit-heading.default\">\n\t\t\t\t<div class=\"elementor-widget-container\">\n\t\t\t\t\t<div class=\"ekit-wid-con\" ><div class=\"ekit-heading elementskit-section-title-wraper text_left   ekit_heading_tablet-   ekit_heading_mobile-\"><h3 class=\"elementskit-section-subtitle   ekit-heading__subtitle-has-border\">\n\t\t\t\t\t\t\u00dcber uns\n\t\t\t\t\t<\/h3><h2 class=\"ekit-heading--title elementskit-section-title\">10 Jahre <span><span>Verl\u00e4sslichkeit<\/span><\/span>  und Wachstum <\/h2>\t\t\t\t<div class='ekit-heading__description'>\n\t\t\t\t\t<p>Wir gestalten die Zukunft, indem wir Erfahrung, Innovation und das Engagement f\u00fcr hervorragende Leistungen miteinander verbinden. Seit 10 Jahren ist unser Unternehmen ein verl\u00e4sslicher Partner, der modernste L\u00f6sungen umsetzt und neue Qualit\u00e4tsstandards setzt.<\/p>\n\t\t\t\t<\/div>\n\t\t\t<\/div><\/div>\t\t\t\t<\/div>\n\t\t\t\t<\/div>\n\t\t\t\t<div class=\"elementor-element elementor-element-a4a925b elementor-mobile-align-justify elementor-widget elementor-widget-button\" data-id=\"a4a925b\" data-element_type=\"widget\" data-widget_type=\"button.default\">\n\t\t\t\t<div class=\"elementor-widget-container\">\n\t\t\t\t\t\t\t\t\t<div class=\"elementor-button-wrapper\">\n\t\t\t\t\t<a class=\"elementor-button elementor-button-link elementor-size-sm\" href=\"https:\/\/inv.gi-black.com\/registration\">\n\t\t\t\t\t\t<span class=\"elementor-button-content-wrapper\">\n\t\t\t\t\t\t\t\t\t<span class=\"elementor-button-text\">Los geht's<\/span>\n\t\t\t\t\t<\/span>\n\t\t\t\t\t<\/a>\n\t\t\t\t<\/div>\n\t\t\t\t\t\t\t\t<\/div>\n\t\t\t\t<\/div>\n\t\t\t\t<\/div>\n\t\t\t\t<\/div>\n\t\t\t\t\t<\/div>\n\t\t\t\t<\/div>\n\t\t\t\t<\/div>\n\t\t\t\t<\/div>\n\t\t\t\t<\/div>\n\t\t<div class=\"elementor-element elementor-element-5b8e48b e-flex e-con-boxed e-con e-parent\" data-id=\"5b8e48b\" data-element_type=\"container\" data-settings=\"{&quot;background_background&quot;:&quot;classic&quot;}\">\n\t\t\t\t\t<div class=\"e-con-inner\">\n\t\t<div class=\"elementor-element elementor-element-8cf49ef e-con-full e-flex e-con e-child\" data-id=\"8cf49ef\" data-element_type=\"container\">\n\t\t<div class=\"elementor-element elementor-element-352b37d e-con-full e-flex e-con e-child\" data-id=\"352b37d\" data-element_type=\"container\">\n\t\t\t\t<div class=\"elementor-element elementor-element-9d39cbf elementor-widget elementor-widget-elementskit-heading\" data-id=\"9d39cbf\" data-element_type=\"widget\" data-widget_type=\"elementskit-heading.default\">\n\t\t\t\t<div class=\"elementor-widget-container\">\n\t\t\t\t\t<div class=\"ekit-wid-con\" ><div class=\"ekit-heading elementskit-section-title-wraper text_left   ekit_heading_tablet-   ekit_heading_mobile-\"><h3 class=\"elementskit-section-subtitle   ekit-heading__subtitle-has-border\">\n\t\t\t\t\t\tW\u00e4hlen Sie uns\n\t\t\t\t\t<\/h3><h2 class=\"ekit-heading--title elementskit-section-title\">Warum w\u00e4hlen <span><span>Gi-Schwarz?<\/span><\/span> <\/h2>\t\t\t\t<div class='ekit-heading__description'>\n\t\t\t\t\t<p>Wir bieten professionelle Krypto-Brokerage-Dienste f\u00fcr Anf\u00e4nger und erfahrene Trader. Von der sicheren Verm\u00f6gensverwaltung bis zur fachkundigen Beratung bieten wir Ihnen die Werkzeuge, die Sie f\u00fcr Ihren Erfolg ben\u00f6tigen.<\/p>\n\t\t\t\t<\/div>\n\t\t\t<\/div><\/div>\t\t\t\t<\/div>\n\t\t\t\t<\/div>\n\t\t\t\t<\/div>\n\t\t\t\t<\/div>\n\t\t<div class=\"elementor-element elementor-element-f782684 e-con-full elementor-hidden-tablet elementor-hidden-mobile e-flex e-con e-child\" data-id=\"f782684\" data-element_type=\"container\" data-settings=\"{&quot;background_background&quot;:&quot;classic&quot;}\">\n\t\t\t\t<\/div>\n\t\t<div class=\"elementor-element elementor-element-e9a4f92 e-con-full e-flex e-con e-child\" data-id=\"e9a4f92\" data-element_type=\"container\">\n\t\t<div class=\"elementor-element elementor-element-63fd643 e-con-full e-flex e-con e-child\" data-id=\"63fd643\" data-element_type=\"container\">\n\t\t<div class=\"elementor-element elementor-element-cd96050 e-con-full e-flex e-con e-child\" data-id=\"cd96050\" data-element_type=\"container\">\n\t\t\t\t<div class=\"elementor-element elementor-element-fdcaa89 elementor-widget elementor-widget-heading\" data-id=\"fdcaa89\" data-element_type=\"widget\" data-widget_type=\"heading.default\">\n\t\t\t\t<div class=\"elementor-widget-container\">\n\t\t\t\t\t<h2 class=\"elementor-heading-title elementor-size-default\">Kompromisslose Sicherheit und Verl\u00e4sslichkeit<\/h2>\t\t\t\t<\/div>\n\t\t\t\t<\/div>\n\t\t\t\t<div class=\"elementor-element elementor-element-98c15a3 elementor-widget elementor-widget-text-editor\" data-id=\"98c15a3\" data-element_type=\"widget\" data-widget_type=\"text-editor.default\">\n\t\t\t\t<div class=\"elementor-widget-container\">\n\t\t\t\t\t\t\t\t\t<p>Ihre Verm\u00f6genswerte werden durch fortschrittliche Sicherheitssysteme gesch\u00fctzt, darunter mehrschichtige Verschl\u00fcsselung, Cold Storage und Echtzeit\u00fcberwachung. Wir bieten institutionellen Schutz f\u00fcr Ihre Gelder und Daten.<\/p>\t\t\t\t\t\t\t\t<\/div>\n\t\t\t\t<\/div>\n\t\t\t\t<\/div>\n\t\t<div class=\"elementor-element elementor-element-be58493 e-con-full e-flex e-con e-child\" data-id=\"be58493\" data-element_type=\"container\">\n\t\t\t\t<div class=\"elementor-element elementor-element-738beb2 elementor-widget elementor-widget-heading\" data-id=\"738beb2\" data-element_type=\"widget\" data-widget_type=\"heading.default\">\n\t\t\t\t<div class=\"elementor-widget-container\">\n\t\t\t\t\t<h2 class=\"elementor-heading-title elementor-size-default\">Modernste Handels-Tools &amp; Markt-Einblicke<\/h2>\t\t\t\t<\/div>\n\t\t\t\t<\/div>\n\t\t\t\t<div class=\"elementor-element elementor-element-18caeb2 elementor-widget elementor-widget-text-editor\" data-id=\"18caeb2\" data-element_type=\"widget\" data-widget_type=\"text-editor.default\">\n\t\t\t\t<div class=\"elementor-widget-container\">\n\t\t\t\t\t\t\t\t\t<p>Seien Sie mit KI-gesteuerten Analysen, schneller Auftragsausf\u00fchrung und anpassbaren Handelsstrategien immer einen Schritt voraus. Greifen Sie auf eine hohe Liquidit\u00e4t, eine nahtlose API-Integration und Markteinblicke in Echtzeit f\u00fcr einen informierten und strategischen Handel zu.<\/p>\t\t\t\t\t\t\t\t<\/div>\n\t\t\t\t<\/div>\n\t\t\t\t<\/div>\n\t\t<div class=\"elementor-element elementor-element-ff47f49 e-con-full e-flex e-con e-child\" data-id=\"ff47f49\" data-element_type=\"container\">\n\t\t\t\t<div class=\"elementor-element elementor-element-224c0ca elementor-widget elementor-widget-heading\" data-id=\"224c0ca\" data-element_type=\"widget\" data-widget_type=\"heading.default\">\n\t\t\t\t<div class=\"elementor-widget-container\">\n\t\t\t\t\t<h2 class=\"elementor-heading-title elementor-size-default\">Dedizierte Unterst\u00fctzung und Einhaltung gesetzlicher Vorschriften<\/h2>\t\t\t\t<\/div>\n\t\t\t\t<\/div>\n\t\t\t\t<div class=\"elementor-element elementor-element-c7551c3 elementor-widget elementor-widget-text-editor\" data-id=\"c7551c3\" data-element_type=\"widget\" data-widget_type=\"text-editor.default\">\n\t\t\t\t<div class=\"elementor-widget-container\">\n\t\t\t\t\t\t\t\t\t<p>Unsere Experten stehen Ihnen rund um die Uhr zur Verf\u00fcgung und unterst\u00fctzen Sie bei allen Fragen, von der Kontoeinrichtung bis zum fortgeschrittenen Handel. Wir gew\u00e4hrleisten volle Transparenz und Compliance und bieten ein sicheres Umfeld f\u00fcr Ihre Investitionen.<\/p>\t\t\t\t\t\t\t\t<\/div>\n\t\t\t\t<\/div>\n\t\t\t\t<\/div>\n\t\t\t\t<\/div>\n\t\t<div class=\"elementor-element elementor-element-7860df9 e-con-full e-flex e-con e-child\" data-id=\"7860df9\" data-element_type=\"container\">\n\t\t<div class=\"elementor-element elementor-element-5bf8575 e-con-full e-flex e-con e-child\" data-id=\"5bf8575\" data-element_type=\"container\">\n\t\t\t\t<div class=\"elementor-element elementor-element-5d0a390 elementor-widget elementor-widget-elementskit-heading\" data-id=\"5d0a390\" data-element_type=\"widget\" data-widget_type=\"elementskit-heading.default\">\n\t\t\t\t<div class=\"elementor-widget-container\">\n\t\t\t\t\t<div class=\"ekit-wid-con\" ><div class=\"ekit-heading elementskit-section-title-wraper text_left   ekit_heading_tablet-   ekit_heading_mobile-\"><h3 class=\"elementskit-section-subtitle   ekit-heading__subtitle-has-border\">\n\t\t\t\t\t\tVorteile\n\t\t\t\t\t<\/h3><h2 class=\"ekit-heading--title elementskit-section-title translation-block\">Maximum <span><span>Profit <\/span><\/span><\/h2>\t\t\t\t<div class='ekit-heading__description'>\n\t\t\t\t\t<p>Gewinnen Sie mehr M\u00f6glichkeiten f\u00fcr einen erfolgreichen Handel mit unseren einzigartigen Bedingungen. Wir bieten hochmoderne Tools, fachkundige Unterst\u00fctzung und nahtlose Ausf\u00fchrung, damit Sie Ihre Ergebnisse maximieren k\u00f6nnen.<\/p>\n\t\t\t\t<\/div>\n\t\t\t<\/div><\/div>\t\t\t\t<\/div>\n\t\t\t\t<\/div>\n\t\t\t\t<\/div>\n\t\t<div class=\"elementor-element elementor-element-c03b30a e-con-full e-flex e-con e-child\" data-id=\"c03b30a\" data-element_type=\"container\">\n\t\t\t\t<\/div>\n\t\t<div class=\"elementor-element elementor-element-3ebe877 e-con-full e-flex e-con e-child\" data-id=\"3ebe877\" data-element_type=\"container\">\n\t\t\t\t<\/div>\n\t\t\t\t<\/div>\n\t\t\t\t<\/div>\n\t\t<div class=\"elementor-element elementor-element-2c29c63 e-con-full e-flex e-con e-child\" data-id=\"2c29c63\" data-element_type=\"container\" data-settings=\"{&quot;background_background&quot;:&quot;classic&quot;}\">\n\t\t<div class=\"elementor-element elementor-element-5c7794e e-con-full e-flex e-con e-child\" data-id=\"5c7794e\" data-element_type=\"container\">\n\t\t\t\t<div class=\"elementor-element elementor-element-9accf5d elementor-widget elementor-widget-counter\" data-id=\"9accf5d\" data-element_type=\"widget\" data-widget_type=\"counter.default\">\n\t\t\t\t<div class=\"elementor-widget-container\">\n\t\t\t\t\t\t\t<div class=\"elementor-counter\">\n\t\t\t\t\t\t<div class=\"elementor-counter-number-wrapper\">\n\t\t\t\t<span class=\"elementor-counter-number-prefix\"><\/span>\n\t\t\t\t<span class=\"elementor-counter-number\" data-duration=\"2000\" data-to-value=\"100\" data-from-value=\"0\">0<\/span>\n\t\t\t\t<span class=\"elementor-counter-number-suffix\">%<\/span>\n\t\t\t<\/div>\n\t\t<\/div>\n\t\t\t\t\t\t<\/div>\n\t\t\t\t<\/div>\n\t\t\t\t<div class=\"elementor-element elementor-element-614c634 elementor-widget elementor-widget-heading\" data-id=\"614c634\" data-element_type=\"widget\" data-widget_type=\"heading.default\">\n\t\t\t\t<div class=\"elementor-widget-container\">\n\t\t\t\t\t<h2 class=\"elementor-heading-title elementor-size-default\">Sicherheit<\/h2>\t\t\t\t<\/div>\n\t\t\t\t<\/div>\n\t\t\t\t<div class=\"elementor-element elementor-element-2b76c9a elementor-widget elementor-widget-text-editor\" data-id=\"2b76c9a\" data-element_type=\"widget\" data-widget_type=\"text-editor.default\">\n\t\t\t\t<div class=\"elementor-widget-container\">\n\t\t\t\t\t\t\t\t\t<p>Ihre Gelder sind durch mehrschichtige Verschl\u00fcsselung und fortschrittliche Sicherheitsprotokolle vollst\u00e4ndig gesch\u00fctzt.<\/p>\t\t\t\t\t\t\t\t<\/div>\n\t\t\t\t<\/div>\n\t\t\t\t<\/div>\n\t\t<div class=\"elementor-element elementor-element-e8232b4 e-con-full e-flex e-con e-child\" data-id=\"e8232b4\" data-element_type=\"container\">\n\t\t\t\t<div class=\"elementor-element elementor-element-40077d0 elementor-widget elementor-widget-counter\" data-id=\"40077d0\" data-element_type=\"widget\" data-widget_type=\"counter.default\">\n\t\t\t\t<div class=\"elementor-widget-container\">\n\t\t\t\t\t\t\t<div class=\"elementor-counter\">\n\t\t\t\t\t\t<div class=\"elementor-counter-number-wrapper\">\n\t\t\t\t<span class=\"elementor-counter-number-prefix\"><\/span>\n\t\t\t\t<span class=\"elementor-counter-number\" data-duration=\"2000\" data-to-value=\"120\" data-from-value=\"0\">0<\/span>\n\t\t\t\t<span class=\"elementor-counter-number-suffix\">%<\/span>\n\t\t\t<\/div>\n\t\t<\/div>\n\t\t\t\t\t\t<\/div>\n\t\t\t\t<\/div>\n\t\t\t\t<div class=\"elementor-element elementor-element-2dc0270 elementor-widget elementor-widget-heading\" data-id=\"2dc0270\" data-element_type=\"widget\" data-widget_type=\"heading.default\">\n\t\t\t\t<div class=\"elementor-widget-container\">\n\t\t\t\t\t<h2 class=\"elementor-heading-title elementor-size-default\">Wirkungsgrad<\/h2>\t\t\t\t<\/div>\n\t\t\t\t<\/div>\n\t\t\t\t<div class=\"elementor-element elementor-element-46a14a5 elementor-widget elementor-widget-text-editor\" data-id=\"46a14a5\" data-element_type=\"widget\" data-widget_type=\"text-editor.default\">\n\t\t\t\t<div class=\"elementor-widget-container\">\n\t\t\t\t\t\t\t\t\t<p>Steigern Sie Ihre Handelsperformance mit KI-gest\u00fctzten Analysen und Markteinblicken in Echtzeit.<\/p>\t\t\t\t\t\t\t\t<\/div>\n\t\t\t\t<\/div>\n\t\t\t\t<\/div>\n\t\t<div class=\"elementor-element elementor-element-cc140d4 e-con-full e-flex e-con e-child\" data-id=\"cc140d4\" data-element_type=\"container\">\n\t\t\t\t<div class=\"elementor-element elementor-element-d217ecb elementor-widget elementor-widget-counter\" data-id=\"d217ecb\" data-element_type=\"widget\" data-widget_type=\"counter.default\">\n\t\t\t\t<div class=\"elementor-widget-container\">\n\t\t\t\t\t\t\t<div class=\"elementor-counter\">\n\t\t\t\t\t\t<div class=\"elementor-counter-number-wrapper\">\n\t\t\t\t<span class=\"elementor-counter-number-prefix\"><\/span>\n\t\t\t\t<span class=\"elementor-counter-number\" data-duration=\"2000\" data-to-value=\"150\" data-from-value=\"0\">0<\/span>\n\t\t\t\t<span class=\"elementor-counter-number-suffix\">%<\/span>\n\t\t\t<\/div>\n\t\t<\/div>\n\t\t\t\t\t\t<\/div>\n\t\t\t\t<\/div>\n\t\t\t\t<div class=\"elementor-element elementor-element-52c29a9 elementor-widget elementor-widget-heading\" data-id=\"52c29a9\" data-element_type=\"widget\" data-widget_type=\"heading.default\">\n\t\t\t\t<div class=\"elementor-widget-container\">\n\t\t\t\t\t<h2 class=\"elementor-heading-title elementor-size-default\">Rentabilit\u00e4t<\/h2>\t\t\t\t<\/div>\n\t\t\t\t<\/div>\n\t\t\t\t<div class=\"elementor-element elementor-element-96706a2 elementor-widget elementor-widget-text-editor\" data-id=\"96706a2\" data-element_type=\"widget\" data-widget_type=\"text-editor.default\">\n\t\t\t\t<div class=\"elementor-widget-container\">\n\t\t\t\t\t\t\t\t\t<p>Optimieren Sie Ihre Anlagen mit renditestarken Strategien und minimalen Risiken.<\/p>\t\t\t\t\t\t\t\t<\/div>\n\t\t\t\t<\/div>\n\t\t\t\t<\/div>\n\t\t\t\t<\/div>\n\t\t\t\t\t<\/div>\n\t\t\t\t<\/div>\n\t\t<div class=\"elementor-element elementor-element-34906a4 e-flex e-con-boxed e-con e-parent\" data-id=\"34906a4\" data-element_type=\"container\" data-settings=\"{&quot;background_background&quot;:&quot;classic&quot;}\">\n\t\t\t\t\t<div class=\"e-con-inner\">\n\t\t<div class=\"elementor-element elementor-element-7185f12 e-con-full e-flex e-con e-child\" data-id=\"7185f12\" data-element_type=\"container\">\n\t\t<div class=\"elementor-element elementor-element-601449e e-con-full e-flex e-con e-child\" data-id=\"601449e\" data-element_type=\"container\">\n\t\t\t\t<div class=\"elementor-element elementor-element-0fcf602 elementor-widget elementor-widget-elementskit-heading\" data-id=\"0fcf602\" data-element_type=\"widget\" data-widget_type=\"elementskit-heading.default\">\n\t\t\t\t<div class=\"elementor-widget-container\">\n\t\t\t\t\t<div class=\"ekit-wid-con\" ><div class=\"ekit-heading elementskit-section-title-wraper text_left   ekit_heading_tablet-   ekit_heading_mobile-\"><h3 class=\"elementskit-section-subtitle   ekit-heading__subtitle-has-border\">\n\t\t\t\t\t\tUnser Team\n\t\t\t\t\t<\/h3><h2 class=\"ekit-heading--title elementskit-section-title\">Ein Team von <span><span>Fachleute<\/span><\/span>  Vereint durch ein Ziel <\/h2>\t\t\t\t<div class='ekit-heading__description'>\n\t\t\t\t\t<div class=\"flex max-w-full flex-col flex-grow\">\n<div class=\"min-h-8 text-message flex w-full flex-col items-end gap-2 whitespace-normal break-words text-start [.text-message+&amp;]:mt-5\">\n<div class=\"flex w-full flex-col gap-1 empty:hidden first:pt-[3px]\">\n<div class=\"markdown prose w-full break-words dark:prose-invert light\">\n<p>Wir sind ein Expertenteam, das Erfahrung, Kreativit\u00e4t und ein tiefes Marktverst\u00e4ndnis vereint. Jeder unserer Spezialisten ist ein engagierter Fachmann, der bereit ist, Herausforderungen anzunehmen und die besten L\u00f6sungen zu finden.<\/p>\n<p>Wir arbeiten wie ein einziger Mechanismus, bei dem jeder Beitrag z\u00e4hlt. Von den Analysten bis zu den Entwicklern haben wir alle ein gemeinsames Ziel: die Entwicklung innovativer Produkte und die Bereitstellung des besten Service f\u00fcr unsere Kunden.<\/p>\n<\/div>\n<\/div>\n<\/div>\n<\/div>\n\t\t\t\t<\/div>\n\t\t\t<\/div><\/div>\t\t\t\t<\/div>\n\t\t\t\t<\/div>\n\t\t\t\t<div class=\"elementor-element elementor-element-b438a52 elementor-mobile-align-justify elementor-widget elementor-widget-button\" data-id=\"b438a52\" data-element_type=\"widget\" data-widget_type=\"button.default\">\n\t\t\t\t<div class=\"elementor-widget-container\">\n\t\t\t\t\t\t\t\t\t<div class=\"elementor-button-wrapper\">\n\t\t\t\t\t<a class=\"elementor-button elementor-button-link elementor-size-sm\" href=\"https:\/\/inv.gi-black.com\/registration\">\n\t\t\t\t\t\t<span class=\"elementor-button-content-wrapper\">\n\t\t\t\t\t\t\t\t\t<span class=\"elementor-button-text\">Los geht's<\/span>\n\t\t\t\t\t<\/span>\n\t\t\t\t\t<\/a>\n\t\t\t\t<\/div>\n\t\t\t\t\t\t\t\t<\/div>\n\t\t\t\t<\/div>\n\t\t\t\t<\/div>\n\t\t\t\t<\/div>\n\t\t<div class=\"elementor-element elementor-element-46cd8e0 e-con-full e-flex e-con e-child\" data-id=\"46cd8e0\" data-element_type=\"container\">\n\t\t\t\t<\/div>\n\t\t\t\t\t<\/div>\n\t\t\t\t<\/div>\n\t\t<div class=\"elementor-element elementor-element-7428f4e e-con-full e-flex e-con e-parent\" data-id=\"7428f4e\" data-element_type=\"container\" data-settings=\"{&quot;background_background&quot;:&quot;classic&quot;}\">\n\t\t\t\t<div class=\"elementor-element elementor-element-e406258 elementor-cta--skin-cover elementor-animated-content elementor-bg-transform elementor-bg-transform-zoom-in elementor-widget elementor-widget-call-to-action\" data-id=\"e406258\" data-element_type=\"widget\" data-widget_type=\"call-to-action.default\">\n\t\t\t\t<div class=\"elementor-widget-container\">\n\t\t\t\t\t\t\t<div class=\"elementor-cta\">\n\t\t\t\t\t<div class=\"elementor-cta__bg-wrapper\">\n\t\t\t\t<div class=\"elementor-cta__bg elementor-bg\" style=\"background-image: url(https:\/\/gi-black.com\/wp-content\/uploads\/2025\/02\/bfdb-scaled.jpg);\" role=\"img\" aria-label=\"bfdb\"><\/div>\n\t\t\t\t<div class=\"elementor-cta__bg-overlay\"><\/div>\n\t\t\t<\/div>\n\t\t\t\t\t\t\t<div class=\"elementor-cta__content\">\n\t\t\t\t\n\t\t\t\t\t\t\t\t\t<h2 class=\"elementor-cta__title elementor-cta__content-item elementor-content-item elementor-animated-item--grow\">\n\t\t\t\t\t\tIn Kryptow\u00e4hrungen investieren  <br> Sicher und zuversichtlich\t\t\t\t\t<\/h2>\n\t\t\t\t\n\t\t\t\t\t\t\t\t\t<div class=\"elementor-cta__description elementor-cta__content-item elementor-content-item elementor-animated-item--grow\">\n\t\t\t\t\t\tInvestieren Sie vertrauensvoll in Kryptow\u00e4hrungen, gest\u00fctzt auf Sicherheit und Transparenz.\t\t\t\t\t<\/div>\n\t\t\t\t\n\t\t\t\t\t\t\t\t\t<div class=\"elementor-cta__button-wrapper elementor-cta__content-item elementor-content-item elementor-animated-item--grow\">\n\t\t\t\t\t<a class=\"elementor-cta__button elementor-button elementor-size-\" href=\"https:\/\/inv.gi-black.com\/registration\">\n\t\t\t\t\t\tLos geht's\t\t\t\t\t<\/a>\n\t\t\t\t\t<\/div>\n\t\t\t\t\t\t\t<\/div>\n\t\t\t\t\t\t<\/div>\n\t\t\t\t\t\t<\/div>\n\t\t\t\t<\/div>\n\t\t\t\t<\/div>\n\t\t\t\t<\/div>","protected":false},"excerpt":{"rendered":"<p>About Us 10 Years of Reliability and Growth We are shaping the future by combining experience, innovation, and a commitment to excellence. For 10 years, our company has remained a trusted partner, implementing cutting-edge solutions and setting new quality standards. Get Started Choose Us Why Choose Gi-black? We offer professional-grade crypto brokerage services for both beginners and experienced traders. From [&hellip;]<\/p>","protected":false},"author":2,"featured_media":0,"parent":0,"menu_order":0,"comment_status":"closed","ping_status":"closed","template":"elementor_header_footer","meta":{"footnotes":""},"class_list":["post-1298","page","type-page","status-publish","hentry"],"_links":{"self":[{"href":"https:\/\/gi-black.com\/de\/wp-json\/wp\/v2\/pages\/1298","targetHints":{"allow":["GET"]}}],"collection":[{"href":"https:\/\/gi-black.com\/de\/wp-json\/wp\/v2\/pages"}],"about":[{"href":"https:\/\/gi-black.com\/de\/wp-json\/wp\/v2\/types\/page"}],"author":[{"embeddable":true,"href":"https:\/\/gi-black.com\/de\/wp-json\/wp\/v2\/users\/2"}],"replies":[{"embeddable":true,"href":"https:\/\/gi-black.com\/de\/wp-json\/wp\/v2\/comments?post=1298"}],"version-history":[{"count":226,"href":"https:\/\/gi-black.com\/de\/wp-json\/wp\/v2\/pages\/1298\/revisions"}],"predecessor-version":[{"id":2913,"href":"https:\/\/gi-black.com\/de\/wp-json\/wp\/v2\/pages\/1298\/revisions\/2913"}],"wp:attachment":[{"href":"https:\/\/gi-black.com\/de\/wp-json\/wp\/v2\/media?parent=1298"}],"curies":[{"name":"wp","href":"https:\/\/api.w.org\/{rel}","templated":true}]}}