{"id":2243,"date":"2025-02-20T14:00:47","date_gmt":"2025-02-20T14:00:47","guid":{"rendered":"https:\/\/gi-black.com\/?page_id=2243"},"modified":"2025-03-03T09:02:24","modified_gmt":"2025-03-03T09:02:24","slug":"crypto-news","status":"publish","type":"page","link":"https:\/\/gi-black.com\/de\/crypto-news\/","title":{"rendered":"Krypto Nachrichten"},"content":{"rendered":"<div data-elementor-type=\"wp-page\" data-elementor-id=\"2243\" class=\"elementor elementor-2243\" data-elementor-post-type=\"page\">\n\t\t\t\t<div class=\"elementor-element elementor-element-aba2678 e-flex e-con-boxed e-con e-parent\" data-id=\"aba2678\" data-element_type=\"container\" data-settings=\"{&quot;background_background&quot;:&quot;classic&quot;}\">\n\t\t\t\t\t<div class=\"e-con-inner\">\n\t\t<div class=\"elementor-element elementor-element-17b8df4 e-con-full e-flex e-con e-child\" data-id=\"17b8df4\" data-element_type=\"container\">\n\t\t\t\t<div class=\"elementor-element elementor-element-36b5cb9 elementor-widget elementor-widget-progress-tracker\" data-id=\"36b5cb9\" data-element_type=\"widget\" data-settings=\"{&quot;sticky&quot;:&quot;top&quot;,&quot;type&quot;:&quot;horizontal&quot;,&quot;relative_to&quot;:&quot;entire_page&quot;,&quot;percentage&quot;:&quot;no&quot;,&quot;sticky_on&quot;:[&quot;desktop&quot;,&quot;tablet&quot;,&quot;mobile&quot;],&quot;sticky_offset&quot;:0,&quot;sticky_effects_offset&quot;:0}\" data-widget_type=\"progress-tracker.default\">\n\t\t\t\t<div class=\"elementor-widget-container\">\n\t\t\t\t\t\n\t\t<div class=\"elementor-scrolling-tracker elementor-scrolling-tracker-horizontal elementor-scrolling-tracker-alignment-\">\n\t\t\t\t\t\t<div class=\"current-progress\">\n\t\t\t\t\t<div class=\"current-progress-percentage\"><\/div>\n\t\t\t\t<\/div>\n\t\t\t\t<\/div>\n\t\t\t\t\t\t<\/div>\n\t\t\t\t<\/div>\n\t\t\t\t<\/div>\n\t\t\t\t\t<\/div>\n\t\t\t\t<\/div>\n\t\t<div class=\"elementor-element elementor-element-0a196fa e-con-full e-flex e-con e-parent\" data-id=\"0a196fa\" data-element_type=\"container\" data-settings=\"{&quot;background_background&quot;:&quot;classic&quot;}\">\n\t\t<div class=\"elementor-element elementor-element-aa591af e-con-full e-flex e-con e-child\" data-id=\"aa591af\" data-element_type=\"container\" data-settings=\"{&quot;background_background&quot;:&quot;classic&quot;}\">\n\t\t<div class=\"elementor-element elementor-element-13cbd9f e-con-full e-flex e-con e-child\" data-id=\"13cbd9f\" data-element_type=\"container\" data-settings=\"{&quot;background_background&quot;:&quot;classic&quot;}\">\n\t\t<div class=\"elementor-element elementor-element-5925f3c e-con-full e-flex e-con e-child\" data-id=\"5925f3c\" data-element_type=\"container\" data-settings=\"{&quot;background_background&quot;:&quot;classic&quot;}\">\n\t\t<div class=\"elementor-element elementor-element-6548e05 e-con-full e-flex e-con e-child\" data-id=\"6548e05\" data-element_type=\"container\" data-settings=\"{&quot;background_background&quot;:&quot;classic&quot;}\">\n\t\t<div class=\"elementor-element elementor-element-59bf3ec e-con-full e-flex e-con e-child\" data-id=\"59bf3ec\" data-element_type=\"container\" data-settings=\"{&quot;background_background&quot;:&quot;classic&quot;}\">\n\t\t<div class=\"elementor-element elementor-element-bb6b450 e-con-full animated-slow e-flex elementor-invisible e-con e-child\" data-id=\"bb6b450\" data-element_type=\"container\" data-settings=\"{&quot;background_background&quot;:&quot;classic&quot;,&quot;animation&quot;:&quot;zoomIn&quot;}\">\n\t\t<div class=\"elementor-element elementor-element-bc5f34b e-flex e-con-boxed e-con e-child\" data-id=\"bc5f34b\" data-element_type=\"container\">\n\t\t\t\t\t<div class=\"e-con-inner\">\n\t\t<div class=\"elementor-element elementor-element-4ad72e9 e-con-full e-flex e-con e-child\" data-id=\"4ad72e9\" data-element_type=\"container\">\n\t\t<div class=\"elementor-element elementor-element-fd61fa1 e-con-full e-flex e-con e-child\" data-id=\"fd61fa1\" data-element_type=\"container\">\n\t\t\t\t<div class=\"elementor-element elementor-element-2ae1d9b elementor-widget elementor-widget-elementskit-heading\" data-id=\"2ae1d9b\" data-element_type=\"widget\" data-widget_type=\"elementskit-heading.default\">\n\t\t\t\t<div class=\"elementor-widget-container\">\n\t\t\t\t\t<div class=\"ekit-wid-con\" ><div class=\"ekit-heading elementskit-section-title-wraper text_left   ekit_heading_tablet-   ekit_heading_mobile-\"><h3 class=\"elementskit-section-subtitle   ekit-heading__subtitle-has-border\">\n\t\t\t\t\t\tKryptow\u00e4hrungen\n\t\t\t\t\t<\/h3><h2 class=\"ekit-heading--title elementskit-section-title\">Analysieren Sie den Markt mit <span><span>Dynamisch<\/span><\/span> Daten  <\/h2>\t\t\t\t<div class='ekit-heading__description'>\n\t\t\t\t\t<p>Verschaffen Sie sich einen detaillierten \u00dcberblick \u00fcber den Kryptow\u00e4hrungsmarkt in Echtzeit. Erforschen Sie Preisbewegungen, verfolgen Sie Trends und treffen Sie fundierte Handelsentscheidungen.<\/p>\n\t\t\t\t<\/div>\n\t\t\t<\/div><\/div>\t\t\t\t<\/div>\n\t\t\t\t<\/div>\n\t\t\t\t<div class=\"elementor-element elementor-element-bcc2d4d elementor-mobile-align-justify elementor-widget elementor-widget-button\" data-id=\"bcc2d4d\" data-element_type=\"widget\" data-widget_type=\"button.default\">\n\t\t\t\t<div class=\"elementor-widget-container\">\n\t\t\t\t\t\t\t\t\t<div class=\"elementor-button-wrapper\">\n\t\t\t\t\t<a class=\"elementor-button elementor-button-link elementor-size-sm\" href=\"https:\/\/inv.gi-black.com\/registration\">\n\t\t\t\t\t\t<span class=\"elementor-button-content-wrapper\">\n\t\t\t\t\t\t\t\t\t<span class=\"elementor-button-text\">Los geht's<\/span>\n\t\t\t\t\t<\/span>\n\t\t\t\t\t<\/a>\n\t\t\t\t<\/div>\n\t\t\t\t\t\t\t\t<\/div>\n\t\t\t\t<\/div>\n\t\t\t\t<\/div>\n\t\t\t\t<\/div>\n\t\t\t\t\t<\/div>\n\t\t\t\t<\/div>\n\t\t\t\t<\/div>\n\t\t\t\t<\/div>\n\t\t\t\t<\/div>\n\t\t\t\t<\/div>\n\t\t\t\t<\/div>\n\t\t\t\t<\/div>\n\t\t\t\t<\/div>\n\t\t<div class=\"elementor-element elementor-element-c6b9aa6 elementor-hidden-mobile e-flex e-con-boxed e-con e-parent\" data-id=\"c6b9aa6\" data-element_type=\"container\" data-settings=\"{&quot;background_background&quot;:&quot;video&quot;}\">\n\t\t\t\t\t<div class=\"e-con-inner\">\n\t\t<div class=\"elementor-element elementor-element-5a9d968 e-con-full e-flex e-con e-child\" data-id=\"5a9d968\" data-element_type=\"container\">\n\t\t<div class=\"elementor-element elementor-element-688957e e-con-full e-flex e-con e-child\" data-id=\"688957e\" data-element_type=\"container\">\n\t\t\t\t<div class=\"elementor-element elementor-element-723eaa8 elementor-widget elementor-widget-html\" data-id=\"723eaa8\" data-element_type=\"widget\" data-widget_type=\"html.default\">\n\t\t\t\t<div class=\"elementor-widget-container\">\n\t\t\t\t\t<!-- TradingView Widget BEGIN -->\r\n<div class=\"tradingview-widget-container\" style=\"border: 1px solid #494949;\">\r\n  <div class=\"tradingview-widget-container__widget\"><\/div>\r\n  <div class=\"tradingview-widget-copyright\">\r\n    <a href=\"https:\/\/www.tradingview.com\/\" rel=\"noopener nofollow\" target=\"_blank\"><span class=\"blue-text\"><\/span><\/a>\r\n  <\/div>\r\n  <script type=\"text\/javascript\" src=\"https:\/\/s3.tradingview.com\/external-embedding\/embed-widget-timeline.js\" async>\r\n  {\r\n    \"feedMode\": \"all_symbols\",\r\n    \"isTransparent\": true,\r\n    \"displayMode\": \"regular\",\r\n    \"width\": \"1600\",\r\n    \"height\": \"800\",\r\n    \"colorTheme\": \"dark\",\r\n    \"locale\": \"en\"\r\n  }\r\n  <\/script>\r\n<\/div>\r\n<!-- TradingView Widget END -->\r\n\t\t\t\t<\/div>\n\t\t\t\t<\/div>\n\t\t\t\t<\/div>\n\t\t\t\t<\/div>\n\t\t\t\t\t<\/div>\n\t\t\t\t<\/div>\n\t\t<div class=\"elementor-element elementor-element-b317048 elementor-hidden-desktop elementor-hidden-tablet e-flex e-con-boxed e-con e-parent\" data-id=\"b317048\" data-element_type=\"container\" data-settings=\"{&quot;background_background&quot;:&quot;video&quot;}\">\n\t\t\t\t\t<div class=\"e-con-inner\">\n\t\t<div class=\"elementor-element elementor-element-0211fb0 e-con-full e-flex e-con e-child\" data-id=\"0211fb0\" data-element_type=\"container\">\n\t\t<div class=\"elementor-element elementor-element-8ab80a1 e-con-full e-flex e-con e-child\" data-id=\"8ab80a1\" data-element_type=\"container\">\n\t\t\t\t<div class=\"elementor-element elementor-element-43ff8eb elementor-widget elementor-widget-html\" data-id=\"43ff8eb\" data-element_type=\"widget\" data-widget_type=\"html.default\">\n\t\t\t\t<div class=\"elementor-widget-container\">\n\t\t\t\t\t<!-- TradingView Widget BEGIN -->\r\n<div class=\"tradingview-widget-container\" style=\"border: 1px solid #494949;\">\r\n  <div class=\"tradingview-widget-container__widget\"><\/div>\r\n  <div class=\"tradingview-widget-copyright\">\r\n    <a href=\"https:\/\/www.tradingview.com\/\" rel=\"noopener nofollow\" target=\"_blank\"><span class=\"blue-text\"><\/span><\/a>\r\n  <\/div>\r\n  <script type=\"text\/javascript\" src=\"https:\/\/s3.tradingview.com\/external-embedding\/embed-widget-timeline.js\" async>\r\n  {\r\n    \"feedMode\": \"all_symbols\",\r\n    \"isTransparent\": true,\r\n    \"displayMode\": \"regular\",\r\n    \"width\": \"400\",\r\n    \"height\": \"680\",\r\n    \"colorTheme\": \"dark\",\r\n    \"locale\": \"en\"\r\n  }\r\n  <\/script>\r\n<\/div>\r\n<!-- TradingView Widget END -->\r\n\t\t\t\t<\/div>\n\t\t\t\t<\/div>\n\t\t\t\t<\/div>\n\t\t\t\t<\/div>\n\t\t\t\t\t<\/div>\n\t\t\t\t<\/div>\n\t\t\t\t<\/div>","protected":false},"excerpt":{"rendered":"<p>Cryptocurrencies Analyze the Market with Dynamic Data Get a detailed overview of the cryptocurrency market in real time. Explore price movements, track trends, and make informed trading decisions. Get Started<\/p>","protected":false},"author":2,"featured_media":0,"parent":0,"menu_order":0,"comment_status":"closed","ping_status":"closed","template":"elementor_header_footer","meta":{"footnotes":""},"class_list":["post-2243","page","type-page","status-publish","hentry"],"_links":{"self":[{"href":"https:\/\/gi-black.com\/de\/wp-json\/wp\/v2\/pages\/2243","targetHints":{"allow":["GET"]}}],"collection":[{"href":"https:\/\/gi-black.com\/de\/wp-json\/wp\/v2\/pages"}],"about":[{"href":"https:\/\/gi-black.com\/de\/wp-json\/wp\/v2\/types\/page"}],"author":[{"embeddable":true,"href":"https:\/\/gi-black.com\/de\/wp-json\/wp\/v2\/users\/2"}],"replies":[{"embeddable":true,"href":"https:\/\/gi-black.com\/de\/wp-json\/wp\/v2\/comments?post=2243"}],"version-history":[{"count":76,"href":"https:\/\/gi-black.com\/de\/wp-json\/wp\/v2\/pages\/2243\/revisions"}],"predecessor-version":[{"id":2889,"href":"https:\/\/gi-black.com\/de\/wp-json\/wp\/v2\/pages\/2243\/revisions\/2889"}],"wp:attachment":[{"href":"https:\/\/gi-black.com\/de\/wp-json\/wp\/v2\/media?parent=2243"}],"curies":[{"name":"wp","href":"https:\/\/api.w.org\/{rel}","templated":true}]}}