{"id":1298,"date":"2025-02-12T14:28:26","date_gmt":"2025-02-12T14:28:26","guid":{"rendered":"https:\/\/gi-black.com\/?page_id=1298"},"modified":"2025-03-03T10:09:39","modified_gmt":"2025-03-03T10:09:39","slug":"about-us","status":"publish","type":"page","link":"https:\/\/gi-black.com\/es\/about-us\/","title":{"rendered":"Qui\u00e9nes somos"},"content":{"rendered":"<div data-elementor-type=\"wp-page\" data-elementor-id=\"1298\" class=\"elementor elementor-1298\" data-elementor-post-type=\"page\">\n\t\t\t\t<div class=\"elementor-element elementor-element-aba2678 e-flex e-con-boxed e-con e-parent\" data-id=\"aba2678\" data-element_type=\"container\" data-settings=\"{&quot;background_background&quot;:&quot;classic&quot;}\">\n\t\t\t\t\t<div class=\"e-con-inner\">\n\t\t<div class=\"elementor-element elementor-element-17b8df4 e-con-full e-flex e-con e-child\" data-id=\"17b8df4\" data-element_type=\"container\">\n\t\t\t\t<div class=\"elementor-element elementor-element-36b5cb9 elementor-widget elementor-widget-progress-tracker\" data-id=\"36b5cb9\" data-element_type=\"widget\" data-settings=\"{&quot;sticky&quot;:&quot;top&quot;,&quot;type&quot;:&quot;horizontal&quot;,&quot;relative_to&quot;:&quot;entire_page&quot;,&quot;percentage&quot;:&quot;no&quot;,&quot;sticky_on&quot;:[&quot;desktop&quot;,&quot;tablet&quot;,&quot;mobile&quot;],&quot;sticky_offset&quot;:0,&quot;sticky_effects_offset&quot;:0}\" data-widget_type=\"progress-tracker.default\">\n\t\t\t\t<div class=\"elementor-widget-container\">\n\t\t\t\t\t\n\t\t<div class=\"elementor-scrolling-tracker elementor-scrolling-tracker-horizontal elementor-scrolling-tracker-alignment-\">\n\t\t\t\t\t\t<div class=\"current-progress\">\n\t\t\t\t\t<div class=\"current-progress-percentage\"><\/div>\n\t\t\t\t<\/div>\n\t\t\t\t<\/div>\n\t\t\t\t\t\t<\/div>\n\t\t\t\t<\/div>\n\t\t\t\t<\/div>\n\t\t\t\t\t<\/div>\n\t\t\t\t<\/div>\n\t\t<div class=\"elementor-element elementor-element-88dcb1b e-con-full e-flex e-con e-parent\" data-id=\"88dcb1b\" data-element_type=\"container\" data-settings=\"{&quot;background_background&quot;:&quot;classic&quot;}\">\n\t\t<div class=\"elementor-element elementor-element-f914c75 e-con-full e-flex e-con e-child\" data-id=\"f914c75\" data-element_type=\"container\" data-settings=\"{&quot;background_background&quot;:&quot;classic&quot;}\">\n\t\t<div class=\"elementor-element elementor-element-6e18261 e-con-full animated-slow e-flex elementor-invisible e-con e-child\" data-id=\"6e18261\" data-element_type=\"container\" data-settings=\"{&quot;background_background&quot;:&quot;classic&quot;,&quot;animation&quot;:&quot;zoomIn&quot;}\">\n\t\t<div class=\"elementor-element elementor-element-db506c9 e-flex e-con-boxed e-con e-child\" data-id=\"db506c9\" data-element_type=\"container\">\n\t\t\t\t\t<div class=\"e-con-inner\">\n\t\t<div class=\"elementor-element elementor-element-ff76ca9 e-con-full e-flex e-con e-child\" data-id=\"ff76ca9\" data-element_type=\"container\">\n\t\t<div class=\"elementor-element elementor-element-b530584 e-con-full e-flex e-con e-child\" data-id=\"b530584\" data-element_type=\"container\">\n\t\t\t\t<div class=\"elementor-element elementor-element-ea7dc75 elementor-widget elementor-widget-elementskit-heading\" data-id=\"ea7dc75\" data-element_type=\"widget\" data-widget_type=\"elementskit-heading.default\">\n\t\t\t\t<div class=\"elementor-widget-container\">\n\t\t\t\t\t<div class=\"ekit-wid-con\" ><div class=\"ekit-heading elementskit-section-title-wraper text_left   ekit_heading_tablet-   ekit_heading_mobile-\"><h3 class=\"elementskit-section-subtitle   ekit-heading__subtitle-has-border\">\n\t\t\t\t\t\tQui\u00e9nes somos\n\t\t\t\t\t<\/h3><h2 class=\"ekit-heading--title elementskit-section-title\">10 a\u00f1os <span><span>de fiabilidad<\/span><\/span>  y crecimiento <\/h2>\t\t\t\t<div class='ekit-heading__description'>\n\t\t\t\t\t<p>Damos forma al futuro combinando experiencia, innovaci\u00f3n y compromiso con la excelencia. Durante 10 a\u00f1os, nuestra empresa ha seguido siendo un socio de confianza, aplicando soluciones de vanguardia y estableciendo nuevos est\u00e1ndares de calidad.<\/p>\n\t\t\t\t<\/div>\n\t\t\t<\/div><\/div>\t\t\t\t<\/div>\n\t\t\t\t<\/div>\n\t\t\t\t<div class=\"elementor-element elementor-element-a4a925b elementor-mobile-align-justify elementor-widget elementor-widget-button\" data-id=\"a4a925b\" data-element_type=\"widget\" data-widget_type=\"button.default\">\n\t\t\t\t<div class=\"elementor-widget-container\">\n\t\t\t\t\t\t\t\t\t<div class=\"elementor-button-wrapper\">\n\t\t\t\t\t<a class=\"elementor-button elementor-button-link elementor-size-sm\" href=\"https:\/\/inv.gi-black.com\/registration\">\n\t\t\t\t\t\t<span class=\"elementor-button-content-wrapper\">\n\t\t\t\t\t\t\t\t\t<span class=\"elementor-button-text\">Comenzar<\/span>\n\t\t\t\t\t<\/span>\n\t\t\t\t\t<\/a>\n\t\t\t\t<\/div>\n\t\t\t\t\t\t\t\t<\/div>\n\t\t\t\t<\/div>\n\t\t\t\t<\/div>\n\t\t\t\t<\/div>\n\t\t\t\t\t<\/div>\n\t\t\t\t<\/div>\n\t\t\t\t<\/div>\n\t\t\t\t<\/div>\n\t\t\t\t<\/div>\n\t\t<div class=\"elementor-element elementor-element-5b8e48b e-flex e-con-boxed e-con e-parent\" data-id=\"5b8e48b\" data-element_type=\"container\" data-settings=\"{&quot;background_background&quot;:&quot;classic&quot;}\">\n\t\t\t\t\t<div class=\"e-con-inner\">\n\t\t<div class=\"elementor-element elementor-element-8cf49ef e-con-full e-flex e-con e-child\" data-id=\"8cf49ef\" data-element_type=\"container\">\n\t\t<div class=\"elementor-element elementor-element-352b37d e-con-full e-flex e-con e-child\" data-id=\"352b37d\" data-element_type=\"container\">\n\t\t\t\t<div class=\"elementor-element elementor-element-9d39cbf elementor-widget elementor-widget-elementskit-heading\" data-id=\"9d39cbf\" data-element_type=\"widget\" data-widget_type=\"elementskit-heading.default\">\n\t\t\t\t<div class=\"elementor-widget-container\">\n\t\t\t\t\t<div class=\"ekit-wid-con\" ><div class=\"ekit-heading elementskit-section-title-wraper text_left   ekit_heading_tablet-   ekit_heading_mobile-\"><h3 class=\"elementskit-section-subtitle   ekit-heading__subtitle-has-border\">\n\t\t\t\t\t\tEl\u00edjanos\n\t\t\t\t\t<\/h3><h2 class=\"ekit-heading--title elementskit-section-title\">\u00bfPor qu\u00e9 elegir <span><span>Gi-black?<\/span><\/span> <\/h2>\t\t\t\t<div class='ekit-heading__description'>\n\t\t\t\t\t<p>Ofrecemos servicios de corretaje de criptomonedas de calidad profesional tanto para principiantes como para operadores experimentados. Desde la gesti\u00f3n segura de activos hasta la orientaci\u00f3n de expertos, le proporcionamos las herramientas que necesita para triunfar.<\/p>\n\t\t\t\t<\/div>\n\t\t\t<\/div><\/div>\t\t\t\t<\/div>\n\t\t\t\t<\/div>\n\t\t\t\t<\/div>\n\t\t\t\t<\/div>\n\t\t<div class=\"elementor-element elementor-element-f782684 e-con-full elementor-hidden-tablet elementor-hidden-mobile e-flex e-con e-child\" data-id=\"f782684\" data-element_type=\"container\" data-settings=\"{&quot;background_background&quot;:&quot;classic&quot;}\">\n\t\t\t\t<\/div>\n\t\t<div class=\"elementor-element elementor-element-e9a4f92 e-con-full e-flex e-con e-child\" data-id=\"e9a4f92\" data-element_type=\"container\">\n\t\t<div class=\"elementor-element elementor-element-63fd643 e-con-full e-flex e-con e-child\" data-id=\"63fd643\" data-element_type=\"container\">\n\t\t<div class=\"elementor-element elementor-element-cd96050 e-con-full e-flex e-con e-child\" data-id=\"cd96050\" data-element_type=\"container\">\n\t\t\t\t<div class=\"elementor-element elementor-element-fdcaa89 elementor-widget elementor-widget-heading\" data-id=\"fdcaa89\" data-element_type=\"widget\" data-widget_type=\"heading.default\">\n\t\t\t\t<div class=\"elementor-widget-container\">\n\t\t\t\t\t<h2 class=\"elementor-heading-title elementor-size-default\">Seguridad y fiabilidad sin concesiones<\/h2>\t\t\t\t<\/div>\n\t\t\t\t<\/div>\n\t\t\t\t<div class=\"elementor-element elementor-element-98c15a3 elementor-widget elementor-widget-text-editor\" data-id=\"98c15a3\" data-element_type=\"widget\" data-widget_type=\"text-editor.default\">\n\t\t\t\t<div class=\"elementor-widget-container\">\n\t\t\t\t\t\t\t\t\t<p>Sus activos est\u00e1n protegidos por sistemas de seguridad avanzados, que incluyen cifrado multicapa, almacenamiento en fr\u00edo y supervisi\u00f3n en tiempo real. Proporcionamos protecci\u00f3n de nivel institucional para sus fondos y datos.<\/p>\t\t\t\t\t\t\t\t<\/div>\n\t\t\t\t<\/div>\n\t\t\t\t<\/div>\n\t\t<div class=\"elementor-element elementor-element-be58493 e-con-full e-flex e-con e-child\" data-id=\"be58493\" data-element_type=\"container\">\n\t\t\t\t<div class=\"elementor-element elementor-element-738beb2 elementor-widget elementor-widget-heading\" data-id=\"738beb2\" data-element_type=\"widget\" data-widget_type=\"heading.default\">\n\t\t\t\t<div class=\"elementor-widget-container\">\n\t\t\t\t\t<h2 class=\"elementor-heading-title elementor-size-default\">Herramientas de negociaci\u00f3n de vanguardia y perspectivas de mercado<\/h2>\t\t\t\t<\/div>\n\t\t\t\t<\/div>\n\t\t\t\t<div class=\"elementor-element elementor-element-18caeb2 elementor-widget elementor-widget-text-editor\" data-id=\"18caeb2\" data-element_type=\"widget\" data-widget_type=\"text-editor.default\">\n\t\t\t\t<div class=\"elementor-widget-container\">\n\t\t\t\t\t\t\t\t\t<p>Mant\u00e9ngase a la vanguardia con an\u00e1lisis basados en IA, ejecuci\u00f3n r\u00e1pida de \u00f3rdenes y estrategias de negociaci\u00f3n personalizables. Acceda a una gran liquidez, a una integraci\u00f3n API sin fisuras y a informaci\u00f3n de mercado en tiempo real para realizar operaciones informadas y estrat\u00e9gicas.<\/p>\t\t\t\t\t\t\t\t<\/div>\n\t\t\t\t<\/div>\n\t\t\t\t<\/div>\n\t\t<div class=\"elementor-element elementor-element-ff47f49 e-con-full e-flex e-con e-child\" data-id=\"ff47f49\" data-element_type=\"container\">\n\t\t\t\t<div class=\"elementor-element elementor-element-224c0ca elementor-widget elementor-widget-heading\" data-id=\"224c0ca\" data-element_type=\"widget\" data-widget_type=\"heading.default\">\n\t\t\t\t<div class=\"elementor-widget-container\">\n\t\t\t\t\t<h2 class=\"elementor-heading-title elementor-size-default\">Asistencia especializada y cumplimiento de la normativa<\/h2>\t\t\t\t<\/div>\n\t\t\t\t<\/div>\n\t\t\t\t<div class=\"elementor-element elementor-element-c7551c3 elementor-widget elementor-widget-text-editor\" data-id=\"c7551c3\" data-element_type=\"widget\" data-widget_type=\"text-editor.default\">\n\t\t\t\t<div class=\"elementor-widget-container\">\n\t\t\t\t\t\t\t\t\t<p>Nuestros expertos est\u00e1n disponibles 24 horas al d\u00eda, 7 d\u00edas a la semana, para ayudarle en todo, desde la configuraci\u00f3n de la cuenta hasta la operativa avanzada. Garantizamos total transparencia y cumplimiento, proporcionando un entorno seguro para sus inversiones.<\/p>\t\t\t\t\t\t\t\t<\/div>\n\t\t\t\t<\/div>\n\t\t\t\t<\/div>\n\t\t\t\t<\/div>\n\t\t<div class=\"elementor-element elementor-element-7860df9 e-con-full e-flex e-con e-child\" data-id=\"7860df9\" data-element_type=\"container\">\n\t\t<div class=\"elementor-element elementor-element-5bf8575 e-con-full e-flex e-con e-child\" data-id=\"5bf8575\" data-element_type=\"container\">\n\t\t\t\t<div class=\"elementor-element elementor-element-5d0a390 elementor-widget elementor-widget-elementskit-heading\" data-id=\"5d0a390\" data-element_type=\"widget\" data-widget_type=\"elementskit-heading.default\">\n\t\t\t\t<div class=\"elementor-widget-container\">\n\t\t\t\t\t<div class=\"ekit-wid-con\" ><div class=\"ekit-heading elementskit-section-title-wraper text_left   ekit_heading_tablet-   ekit_heading_mobile-\"><h3 class=\"elementskit-section-subtitle   ekit-heading__subtitle-has-border\">\n\t\t\t\t\t\tVentajas\n\t\t\t\t\t<\/h3><h2 class=\"ekit-heading--title elementskit-section-title translation-block\">Maximum <span><span>Profit <\/span><\/span><\/h2>\t\t\t\t<div class='ekit-heading__description'>\n\t\t\t\t\t<p>Obtenga m\u00e1s oportunidades para operar con \u00e9xito con nuestras condiciones \u00fanicas. Proporcionamos herramientas de vanguardia, asistencia experta y una ejecuci\u00f3n sin fisuras para ayudarle a maximizar sus resultados.<\/p>\n\t\t\t\t<\/div>\n\t\t\t<\/div><\/div>\t\t\t\t<\/div>\n\t\t\t\t<\/div>\n\t\t\t\t<\/div>\n\t\t<div class=\"elementor-element elementor-element-c03b30a e-con-full e-flex e-con e-child\" data-id=\"c03b30a\" data-element_type=\"container\">\n\t\t\t\t<\/div>\n\t\t<div class=\"elementor-element elementor-element-3ebe877 e-con-full e-flex e-con e-child\" data-id=\"3ebe877\" data-element_type=\"container\">\n\t\t\t\t<\/div>\n\t\t\t\t<\/div>\n\t\t\t\t<\/div>\n\t\t<div class=\"elementor-element elementor-element-2c29c63 e-con-full e-flex e-con e-child\" data-id=\"2c29c63\" data-element_type=\"container\" data-settings=\"{&quot;background_background&quot;:&quot;classic&quot;}\">\n\t\t<div class=\"elementor-element elementor-element-5c7794e e-con-full e-flex e-con e-child\" data-id=\"5c7794e\" data-element_type=\"container\">\n\t\t\t\t<div class=\"elementor-element elementor-element-9accf5d elementor-widget elementor-widget-counter\" data-id=\"9accf5d\" data-element_type=\"widget\" data-widget_type=\"counter.default\">\n\t\t\t\t<div class=\"elementor-widget-container\">\n\t\t\t\t\t\t\t<div class=\"elementor-counter\">\n\t\t\t\t\t\t<div class=\"elementor-counter-number-wrapper\">\n\t\t\t\t<span class=\"elementor-counter-number-prefix\"><\/span>\n\t\t\t\t<span class=\"elementor-counter-number\" data-duration=\"2000\" data-to-value=\"100\" data-from-value=\"0\">0<\/span>\n\t\t\t\t<span class=\"elementor-counter-number-suffix\">%<\/span>\n\t\t\t<\/div>\n\t\t<\/div>\n\t\t\t\t\t\t<\/div>\n\t\t\t\t<\/div>\n\t\t\t\t<div class=\"elementor-element elementor-element-614c634 elementor-widget elementor-widget-heading\" data-id=\"614c634\" data-element_type=\"widget\" data-widget_type=\"heading.default\">\n\t\t\t\t<div class=\"elementor-widget-container\">\n\t\t\t\t\t<h2 class=\"elementor-heading-title elementor-size-default\">Seguridad<\/h2>\t\t\t\t<\/div>\n\t\t\t\t<\/div>\n\t\t\t\t<div class=\"elementor-element elementor-element-2b76c9a elementor-widget elementor-widget-text-editor\" data-id=\"2b76c9a\" data-element_type=\"widget\" data-widget_type=\"text-editor.default\">\n\t\t\t\t<div class=\"elementor-widget-container\">\n\t\t\t\t\t\t\t\t\t<p>Sus fondos est\u00e1n totalmente protegidos con encriptaci\u00f3n multicapa y protocolos de seguridad avanzados.<\/p>\t\t\t\t\t\t\t\t<\/div>\n\t\t\t\t<\/div>\n\t\t\t\t<\/div>\n\t\t<div class=\"elementor-element elementor-element-e8232b4 e-con-full e-flex e-con e-child\" data-id=\"e8232b4\" data-element_type=\"container\">\n\t\t\t\t<div class=\"elementor-element elementor-element-40077d0 elementor-widget elementor-widget-counter\" data-id=\"40077d0\" data-element_type=\"widget\" data-widget_type=\"counter.default\">\n\t\t\t\t<div class=\"elementor-widget-container\">\n\t\t\t\t\t\t\t<div class=\"elementor-counter\">\n\t\t\t\t\t\t<div class=\"elementor-counter-number-wrapper\">\n\t\t\t\t<span class=\"elementor-counter-number-prefix\"><\/span>\n\t\t\t\t<span class=\"elementor-counter-number\" data-duration=\"2000\" data-to-value=\"120\" data-from-value=\"0\">0<\/span>\n\t\t\t\t<span class=\"elementor-counter-number-suffix\">%<\/span>\n\t\t\t<\/div>\n\t\t<\/div>\n\t\t\t\t\t\t<\/div>\n\t\t\t\t<\/div>\n\t\t\t\t<div class=\"elementor-element elementor-element-2dc0270 elementor-widget elementor-widget-heading\" data-id=\"2dc0270\" data-element_type=\"widget\" data-widget_type=\"heading.default\">\n\t\t\t\t<div class=\"elementor-widget-container\">\n\t\t\t\t\t<h2 class=\"elementor-heading-title elementor-size-default\">Eficacia<\/h2>\t\t\t\t<\/div>\n\t\t\t\t<\/div>\n\t\t\t\t<div class=\"elementor-element elementor-element-46a14a5 elementor-widget elementor-widget-text-editor\" data-id=\"46a14a5\" data-element_type=\"widget\" data-widget_type=\"text-editor.default\">\n\t\t\t\t<div class=\"elementor-widget-container\">\n\t\t\t\t\t\t\t\t\t<p>Aumente el rendimiento de sus operaciones con an\u00e1lisis basados en IA y perspectivas del mercado en tiempo real.<\/p>\t\t\t\t\t\t\t\t<\/div>\n\t\t\t\t<\/div>\n\t\t\t\t<\/div>\n\t\t<div class=\"elementor-element elementor-element-cc140d4 e-con-full e-flex e-con e-child\" data-id=\"cc140d4\" data-element_type=\"container\">\n\t\t\t\t<div class=\"elementor-element elementor-element-d217ecb elementor-widget elementor-widget-counter\" data-id=\"d217ecb\" data-element_type=\"widget\" data-widget_type=\"counter.default\">\n\t\t\t\t<div class=\"elementor-widget-container\">\n\t\t\t\t\t\t\t<div class=\"elementor-counter\">\n\t\t\t\t\t\t<div class=\"elementor-counter-number-wrapper\">\n\t\t\t\t<span class=\"elementor-counter-number-prefix\"><\/span>\n\t\t\t\t<span class=\"elementor-counter-number\" data-duration=\"2000\" data-to-value=\"150\" data-from-value=\"0\">0<\/span>\n\t\t\t\t<span class=\"elementor-counter-number-suffix\">%<\/span>\n\t\t\t<\/div>\n\t\t<\/div>\n\t\t\t\t\t\t<\/div>\n\t\t\t\t<\/div>\n\t\t\t\t<div class=\"elementor-element elementor-element-52c29a9 elementor-widget elementor-widget-heading\" data-id=\"52c29a9\" data-element_type=\"widget\" data-widget_type=\"heading.default\">\n\t\t\t\t<div class=\"elementor-widget-container\">\n\t\t\t\t\t<h2 class=\"elementor-heading-title elementor-size-default\">Rentabilidad<\/h2>\t\t\t\t<\/div>\n\t\t\t\t<\/div>\n\t\t\t\t<div class=\"elementor-element elementor-element-96706a2 elementor-widget elementor-widget-text-editor\" data-id=\"96706a2\" data-element_type=\"widget\" data-widget_type=\"text-editor.default\">\n\t\t\t\t<div class=\"elementor-widget-container\">\n\t\t\t\t\t\t\t\t\t<p>Optimice sus inversiones con estrategias de alta rentabilidad y riesgos m\u00ednimos.<\/p>\t\t\t\t\t\t\t\t<\/div>\n\t\t\t\t<\/div>\n\t\t\t\t<\/div>\n\t\t\t\t<\/div>\n\t\t\t\t\t<\/div>\n\t\t\t\t<\/div>\n\t\t<div class=\"elementor-element elementor-element-34906a4 e-flex e-con-boxed e-con e-parent\" data-id=\"34906a4\" data-element_type=\"container\" data-settings=\"{&quot;background_background&quot;:&quot;classic&quot;}\">\n\t\t\t\t\t<div class=\"e-con-inner\">\n\t\t<div class=\"elementor-element elementor-element-7185f12 e-con-full e-flex e-con e-child\" data-id=\"7185f12\" data-element_type=\"container\">\n\t\t<div class=\"elementor-element elementor-element-601449e e-con-full e-flex e-con e-child\" data-id=\"601449e\" data-element_type=\"container\">\n\t\t\t\t<div class=\"elementor-element elementor-element-0fcf602 elementor-widget elementor-widget-elementskit-heading\" data-id=\"0fcf602\" data-element_type=\"widget\" data-widget_type=\"elementskit-heading.default\">\n\t\t\t\t<div class=\"elementor-widget-container\">\n\t\t\t\t\t<div class=\"ekit-wid-con\" ><div class=\"ekit-heading elementskit-section-title-wraper text_left   ekit_heading_tablet-   ekit_heading_mobile-\"><h3 class=\"elementskit-section-subtitle   ekit-heading__subtitle-has-border\">\n\t\t\t\t\t\tNuestro equipo\n\t\t\t\t\t<\/h3><h2 class=\"ekit-heading--title elementskit-section-title\">Un equipo de <span><span>profesionales<\/span><\/span>  unidos por un objetivo <\/h2>\t\t\t\t<div class='ekit-heading__description'>\n\t\t\t\t\t<div class=\"flex max-w-full flex-col flex-grow\">\n<div class=\"min-h-8 text-message flex w-full flex-col items-end gap-2 whitespace-normal break-words text-start [.text-message+&amp;]:mt-5\">\n<div class=\"flex w-full flex-col gap-1 empty:hidden first:pt-[3px]\">\n<div class=\"markdown prose w-full break-words dark:prose-invert light\">\n<p>Somos un equipo de expertos que combina experiencia, creatividad y un profundo conocimiento del mercado. Cada uno de nuestros especialistas es un profesional dedicado, preparado para asumir retos y encontrar las mejores soluciones.<\/p>\n<p>Trabajamos como un mecanismo \u00fanico en el que cada contribuci\u00f3n cuenta. Desde los analistas hasta los desarrolladores, todos estamos unidos por un objetivo: crear productos innovadores y prestar el mejor servicio a nuestros clientes.<\/p>\n<\/div>\n<\/div>\n<\/div>\n<\/div>\n\t\t\t\t<\/div>\n\t\t\t<\/div><\/div>\t\t\t\t<\/div>\n\t\t\t\t<\/div>\n\t\t\t\t<div class=\"elementor-element elementor-element-b438a52 elementor-mobile-align-justify elementor-widget elementor-widget-button\" data-id=\"b438a52\" data-element_type=\"widget\" data-widget_type=\"button.default\">\n\t\t\t\t<div class=\"elementor-widget-container\">\n\t\t\t\t\t\t\t\t\t<div class=\"elementor-button-wrapper\">\n\t\t\t\t\t<a class=\"elementor-button elementor-button-link elementor-size-sm\" href=\"https:\/\/inv.gi-black.com\/registration\">\n\t\t\t\t\t\t<span class=\"elementor-button-content-wrapper\">\n\t\t\t\t\t\t\t\t\t<span class=\"elementor-button-text\">Comenzar<\/span>\n\t\t\t\t\t<\/span>\n\t\t\t\t\t<\/a>\n\t\t\t\t<\/div>\n\t\t\t\t\t\t\t\t<\/div>\n\t\t\t\t<\/div>\n\t\t\t\t<\/div>\n\t\t\t\t<\/div>\n\t\t<div class=\"elementor-element elementor-element-46cd8e0 e-con-full e-flex e-con e-child\" data-id=\"46cd8e0\" data-element_type=\"container\">\n\t\t\t\t<\/div>\n\t\t\t\t\t<\/div>\n\t\t\t\t<\/div>\n\t\t<div class=\"elementor-element elementor-element-7428f4e e-con-full e-flex e-con e-parent\" data-id=\"7428f4e\" data-element_type=\"container\" data-settings=\"{&quot;background_background&quot;:&quot;classic&quot;}\">\n\t\t\t\t<div class=\"elementor-element elementor-element-e406258 elementor-cta--skin-cover elementor-animated-content elementor-bg-transform elementor-bg-transform-zoom-in elementor-widget elementor-widget-call-to-action\" data-id=\"e406258\" data-element_type=\"widget\" data-widget_type=\"call-to-action.default\">\n\t\t\t\t<div class=\"elementor-widget-container\">\n\t\t\t\t\t\t\t<div class=\"elementor-cta\">\n\t\t\t\t\t<div class=\"elementor-cta__bg-wrapper\">\n\t\t\t\t<div class=\"elementor-cta__bg elementor-bg\" style=\"background-image: url(https:\/\/gi-black.com\/wp-content\/uploads\/2025\/02\/bfdb-scaled.jpg);\" role=\"img\" aria-label=\"bfdb\"><\/div>\n\t\t\t\t<div class=\"elementor-cta__bg-overlay\"><\/div>\n\t\t\t<\/div>\n\t\t\t\t\t\t\t<div class=\"elementor-cta__content\">\n\t\t\t\t\n\t\t\t\t\t\t\t\t\t<h2 class=\"elementor-cta__title elementor-cta__content-item elementor-content-item elementor-animated-item--grow\">\n\t\t\t\t\t\tInvertir en criptomonedas  <br> Con seguridad y confianza\t\t\t\t\t<\/h2>\n\t\t\t\t\n\t\t\t\t\t\t\t\t\t<div class=\"elementor-cta__description elementor-cta__content-item elementor-content-item elementor-animated-item--grow\">\n\t\t\t\t\t\tInvierta en criptomonedas con confianza, respaldado por la seguridad y la transparencia.\t\t\t\t\t<\/div>\n\t\t\t\t\n\t\t\t\t\t\t\t\t\t<div class=\"elementor-cta__button-wrapper elementor-cta__content-item elementor-content-item elementor-animated-item--grow\">\n\t\t\t\t\t<a class=\"elementor-cta__button elementor-button elementor-size-\" href=\"https:\/\/inv.gi-black.com\/registration\">\n\t\t\t\t\t\tEmpezar\t\t\t\t\t<\/a>\n\t\t\t\t\t<\/div>\n\t\t\t\t\t\t\t<\/div>\n\t\t\t\t\t\t<\/div>\n\t\t\t\t\t\t<\/div>\n\t\t\t\t<\/div>\n\t\t\t\t<\/div>\n\t\t\t\t<\/div>","protected":false},"excerpt":{"rendered":"<p>About Us 10 Years of Reliability and Growth We are shaping the future by combining experience, innovation, and a commitment to excellence. For 10 years, our company has remained a trusted partner, implementing cutting-edge solutions and setting new quality standards. Get Started Choose Us Why Choose Gi-black? We offer professional-grade crypto brokerage services for both beginners and experienced traders. From [&hellip;]<\/p>","protected":false},"author":2,"featured_media":0,"parent":0,"menu_order":0,"comment_status":"closed","ping_status":"closed","template":"elementor_header_footer","meta":{"footnotes":""},"class_list":["post-1298","page","type-page","status-publish","hentry"],"_links":{"self":[{"href":"https:\/\/gi-black.com\/es\/wp-json\/wp\/v2\/pages\/1298","targetHints":{"allow":["GET"]}}],"collection":[{"href":"https:\/\/gi-black.com\/es\/wp-json\/wp\/v2\/pages"}],"about":[{"href":"https:\/\/gi-black.com\/es\/wp-json\/wp\/v2\/types\/page"}],"author":[{"embeddable":true,"href":"https:\/\/gi-black.com\/es\/wp-json\/wp\/v2\/users\/2"}],"replies":[{"embeddable":true,"href":"https:\/\/gi-black.com\/es\/wp-json\/wp\/v2\/comments?post=1298"}],"version-history":[{"count":226,"href":"https:\/\/gi-black.com\/es\/wp-json\/wp\/v2\/pages\/1298\/revisions"}],"predecessor-version":[{"id":2913,"href":"https:\/\/gi-black.com\/es\/wp-json\/wp\/v2\/pages\/1298\/revisions\/2913"}],"wp:attachment":[{"href":"https:\/\/gi-black.com\/es\/wp-json\/wp\/v2\/media?parent=1298"}],"curies":[{"name":"wp","href":"https:\/\/api.w.org\/{rel}","templated":true}]}}