{"id":2157,"date":"2025-02-20T10:19:19","date_gmt":"2025-02-20T10:19:19","guid":{"rendered":"https:\/\/gi-black.com\/?page_id=2157"},"modified":"2025-03-03T10:12:02","modified_gmt":"2025-03-03T10:12:02","slug":"technical-analysis","status":"publish","type":"page","link":"https:\/\/gi-black.com\/es\/technical-analysis\/","title":{"rendered":"An\u00e1lisis t\u00e9cnico"},"content":{"rendered":"<div data-elementor-type=\"wp-page\" data-elementor-id=\"2157\" class=\"elementor elementor-2157\" data-elementor-post-type=\"page\">\n\t\t\t\t<div class=\"elementor-element elementor-element-aba2678 e-flex e-con-boxed e-con e-parent\" data-id=\"aba2678\" data-element_type=\"container\" data-settings=\"{&quot;background_background&quot;:&quot;classic&quot;}\">\n\t\t\t\t\t<div class=\"e-con-inner\">\n\t\t<div class=\"elementor-element elementor-element-17b8df4 e-con-full e-flex e-con e-child\" data-id=\"17b8df4\" data-element_type=\"container\">\n\t\t\t\t<div class=\"elementor-element elementor-element-36b5cb9 elementor-widget elementor-widget-progress-tracker\" data-id=\"36b5cb9\" data-element_type=\"widget\" data-settings=\"{&quot;sticky&quot;:&quot;top&quot;,&quot;type&quot;:&quot;horizontal&quot;,&quot;relative_to&quot;:&quot;entire_page&quot;,&quot;percentage&quot;:&quot;no&quot;,&quot;sticky_on&quot;:[&quot;desktop&quot;,&quot;tablet&quot;,&quot;mobile&quot;],&quot;sticky_offset&quot;:0,&quot;sticky_effects_offset&quot;:0}\" data-widget_type=\"progress-tracker.default\">\n\t\t\t\t<div class=\"elementor-widget-container\">\n\t\t\t\t\t\n\t\t<div class=\"elementor-scrolling-tracker elementor-scrolling-tracker-horizontal elementor-scrolling-tracker-alignment-\">\n\t\t\t\t\t\t<div class=\"current-progress\">\n\t\t\t\t\t<div class=\"current-progress-percentage\"><\/div>\n\t\t\t\t<\/div>\n\t\t\t\t<\/div>\n\t\t\t\t\t\t<\/div>\n\t\t\t\t<\/div>\n\t\t\t\t<\/div>\n\t\t\t\t\t<\/div>\n\t\t\t\t<\/div>\n\t\t<div class=\"elementor-element elementor-element-50797a2 e-con-full e-flex e-con e-parent\" data-id=\"50797a2\" data-element_type=\"container\" data-settings=\"{&quot;background_background&quot;:&quot;classic&quot;}\">\n\t\t<div class=\"elementor-element elementor-element-b388e34 e-con-full e-flex e-con e-child\" data-id=\"b388e34\" data-element_type=\"container\" data-settings=\"{&quot;background_background&quot;:&quot;classic&quot;}\">\n\t\t<div class=\"elementor-element elementor-element-9e340aa e-con-full e-flex e-con e-child\" data-id=\"9e340aa\" data-element_type=\"container\" data-settings=\"{&quot;background_background&quot;:&quot;classic&quot;}\">\n\t\t<div class=\"elementor-element elementor-element-b7ccd73 e-con-full e-flex e-con e-child\" data-id=\"b7ccd73\" data-element_type=\"container\" data-settings=\"{&quot;background_background&quot;:&quot;classic&quot;}\">\n\t\t<div class=\"elementor-element elementor-element-6fa03e8 e-con-full e-flex e-con e-child\" data-id=\"6fa03e8\" data-element_type=\"container\" data-settings=\"{&quot;background_background&quot;:&quot;classic&quot;}\">\n\t\t<div class=\"elementor-element elementor-element-b7deb8d e-con-full e-flex e-con e-child\" data-id=\"b7deb8d\" data-element_type=\"container\" data-settings=\"{&quot;background_background&quot;:&quot;classic&quot;}\">\n\t\t<div class=\"elementor-element elementor-element-19b3278 e-con-full animated-slow e-flex elementor-invisible e-con e-child\" data-id=\"19b3278\" data-element_type=\"container\" data-settings=\"{&quot;background_background&quot;:&quot;classic&quot;,&quot;animation&quot;:&quot;zoomIn&quot;}\">\n\t\t<div class=\"elementor-element elementor-element-2aa5c70 e-flex e-con-boxed e-con e-child\" data-id=\"2aa5c70\" data-element_type=\"container\">\n\t\t\t\t\t<div class=\"e-con-inner\">\n\t\t<div class=\"elementor-element elementor-element-ee3b01b e-con-full e-flex e-con e-child\" data-id=\"ee3b01b\" data-element_type=\"container\">\n\t\t<div class=\"elementor-element elementor-element-b46842e e-con-full e-flex e-con e-child\" data-id=\"b46842e\" data-element_type=\"container\">\n\t\t\t\t<div class=\"elementor-element elementor-element-f31fef5 elementor-widget elementor-widget-elementskit-heading\" data-id=\"f31fef5\" data-element_type=\"widget\" data-widget_type=\"elementskit-heading.default\">\n\t\t\t\t<div class=\"elementor-widget-container\">\n\t\t\t\t\t<div class=\"ekit-wid-con\" ><div class=\"ekit-heading elementskit-section-title-wraper text_left   ekit_heading_tablet-   ekit_heading_mobile-\"><h3 class=\"elementskit-section-subtitle   ekit-heading__subtitle-has-border\">\n\t\t\t\t\t\tInstrumento \n\t\t\t\t\t<\/h3><h2 class=\"ekit-heading--title elementskit-section-title\">Financiaci\u00f3n a trav\u00e9s del Gi-black:  <span><span>una innovadora<\/span><\/span> herramienta de gesti\u00f3n monetaria y de riesgos<\/h2>\t\t\t\t<div class='ekit-heading__description'>\n\t\t\t\t\t<p>Gi-black ha facilitado a\u00fan m\u00e1s la financiaci\u00f3n y retirada de fondos con Gi-black Wallet. Ahora puede transferir fondos entre su Gi-black Wallet y sus cuentas de trading en cualquier momento que lo desee.<\/p>\n\t\t\t\t<\/div>\n\t\t\t<\/div><\/div>\t\t\t\t<\/div>\n\t\t\t\t<\/div>\n\t\t\t\t<div class=\"elementor-element elementor-element-b35d99e elementor-mobile-align-justify elementor-widget elementor-widget-button\" data-id=\"b35d99e\" data-element_type=\"widget\" data-widget_type=\"button.default\">\n\t\t\t\t<div class=\"elementor-widget-container\">\n\t\t\t\t\t\t\t\t\t<div class=\"elementor-button-wrapper\">\n\t\t\t\t\t<a class=\"elementor-button elementor-button-link elementor-size-sm\" href=\"https:\/\/inv.gi-black.com\/registration\">\n\t\t\t\t\t\t<span class=\"elementor-button-content-wrapper\">\n\t\t\t\t\t\t\t\t\t<span class=\"elementor-button-text\">Comenzar<\/span>\n\t\t\t\t\t<\/span>\n\t\t\t\t\t<\/a>\n\t\t\t\t<\/div>\n\t\t\t\t\t\t\t\t<\/div>\n\t\t\t\t<\/div>\n\t\t\t\t<\/div>\n\t\t\t\t<\/div>\n\t\t\t\t\t<\/div>\n\t\t\t\t<\/div>\n\t\t\t\t<\/div>\n\t\t\t\t<\/div>\n\t\t\t\t<\/div>\n\t\t\t\t<\/div>\n\t\t\t\t<\/div>\n\t\t\t\t<\/div>\n\t\t\t\t<\/div>\n\t\t<div class=\"elementor-element elementor-element-643a653 e-flex e-con-boxed e-con e-parent\" data-id=\"643a653\" data-element_type=\"container\" data-settings=\"{&quot;background_background&quot;:&quot;classic&quot;}\">\n\t\t\t\t\t<div class=\"e-con-inner\">\n\t\t<div class=\"elementor-element elementor-element-a2539ba e-con-full e-flex e-con e-child\" data-id=\"a2539ba\" data-element_type=\"container\">\n\t\t<div class=\"elementor-element elementor-element-18b53bb e-con-full e-flex e-con e-child\" data-id=\"18b53bb\" data-element_type=\"container\">\n\t\t<div class=\"elementor-element elementor-element-99678d1 e-con-full e-flex e-con e-child\" data-id=\"99678d1\" data-element_type=\"container\">\n\t\t\t\t<div class=\"elementor-element elementor-element-a51e043 elementor-widget elementor-widget-elementskit-heading\" data-id=\"a51e043\" data-element_type=\"widget\" data-widget_type=\"elementskit-heading.default\">\n\t\t\t\t<div class=\"elementor-widget-container\">\n\t\t\t\t\t<div class=\"ekit-wid-con\" ><div class=\"ekit-heading elementskit-section-title-wraper text_left   ekit_heading_tablet-   ekit_heading_mobile-\"><h3 class=\"elementskit-section-subtitle   ekit-heading__subtitle-has-border\">\n\t\t\t\t\t\tSe\u00f1ales de mercado\n\t\t\t\t\t<\/h3><h2 class=\"ekit-heading--title elementskit-section-title\"> <span><span>An\u00e1lisis t\u00e9cnico<\/span><\/span>  para AAPL <\/h2>\t\t\t\t<div class='ekit-heading__description'>\n\t\t\t\t\t<div class=\"flex max-w-full flex-col flex-grow\">\n<div class=\"min-h-8 text-message flex w-full flex-col items-end gap-2 whitespace-normal break-words text-start [.text-message+&amp;]:mt-5\">\n<div class=\"flex w-full flex-col gap-1 empty:hidden first:pt-[3px]\">\n<div class=\"markdown prose w-full break-words dark:prose-invert light\">\n<p>Obtenga un an\u00e1lisis t\u00e9cnico instant\u00e1neo de las acciones de Apple (AAPL) en distintos marcos temporales. Eval\u00fae el equilibrio entre compradores y vendedores, siga las se\u00f1ales de compra o venta y tome decisiones informadas basadas en datos reales.<\/p>\n<\/div>\n<\/div>\n<\/div>\n<\/div>\n\t\t\t\t<\/div>\n\t\t\t<\/div><\/div>\t\t\t\t<\/div>\n\t\t\t\t<\/div>\n\t\t\t\t<\/div>\n\t\t<div class=\"elementor-element elementor-element-77eecc5 e-con-full e-flex e-con e-child\" data-id=\"77eecc5\" data-element_type=\"container\">\n\t\t\t\t<div class=\"elementor-element elementor-element-48c4263 elementor-widget elementor-widget-heading\" data-id=\"48c4263\" data-element_type=\"widget\" data-widget_type=\"heading.default\">\n\t\t\t\t<div class=\"elementor-widget-container\">\n\t\t\t\t\t<h2 class=\"elementor-heading-title elementor-size-default\">#AAPLAnalysis\n\n<\/h2>\t\t\t\t<\/div>\n\t\t\t\t<\/div>\n\t\t\t\t<div class=\"elementor-element elementor-element-005e49f elementor-widget elementor-widget-heading\" data-id=\"005e49f\" data-element_type=\"widget\" data-widget_type=\"heading.default\">\n\t\t\t\t<div class=\"elementor-widget-container\">\n\t\t\t\t\t<h2 class=\"elementor-heading-title elementor-size-default\">#StockSignals\n\n<\/h2>\t\t\t\t<\/div>\n\t\t\t\t<\/div>\n\t\t\t\t<div class=\"elementor-element elementor-element-2d195db elementor-widget elementor-widget-heading\" data-id=\"2d195db\" data-element_type=\"widget\" data-widget_type=\"heading.default\">\n\t\t\t\t<div class=\"elementor-widget-container\">\n\t\t\t\t\t<h2 class=\"elementor-heading-title elementor-size-default\">#TradingInsights\n<\/h2>\t\t\t\t<\/div>\n\t\t\t\t<\/div>\n\t\t\t\t<div class=\"elementor-element elementor-element-ddee66d elementor-widget elementor-widget-heading\" data-id=\"ddee66d\" data-element_type=\"widget\" data-widget_type=\"heading.default\">\n\t\t\t\t<div class=\"elementor-widget-container\">\n\t\t\t\t\t<h2 class=\"elementor-heading-title elementor-size-default\">#MarketUpdates\n<\/h2>\t\t\t\t<\/div>\n\t\t\t\t<\/div>\n\t\t\t\t<div class=\"elementor-element elementor-element-303bd22 elementor-widget elementor-widget-heading\" data-id=\"303bd22\" data-element_type=\"widget\" data-widget_type=\"heading.default\">\n\t\t\t\t<div class=\"elementor-widget-container\">\n\t\t\t\t\t<h2 class=\"elementor-heading-title elementor-size-default\">#InvestSmart\n<\/h2>\t\t\t\t<\/div>\n\t\t\t\t<\/div>\n\t\t\t\t<div class=\"elementor-element elementor-element-095ceab elementor-widget elementor-widget-heading\" data-id=\"095ceab\" data-element_type=\"widget\" data-widget_type=\"heading.default\">\n\t\t\t\t<div class=\"elementor-widget-container\">\n\t\t\t\t\t<h2 class=\"elementor-heading-title elementor-size-default\">#LiveTrading\n\n\n<\/h2>\t\t\t\t<\/div>\n\t\t\t\t<\/div>\n\t\t\t\t<\/div>\n\t\t\t\t<\/div>\n\t\t<div class=\"elementor-element elementor-element-22c8613 e-con-full e-flex elementor-invisible e-con e-child\" data-id=\"22c8613\" data-element_type=\"container\" data-settings=\"{&quot;animation&quot;:&quot;zoomIn&quot;}\">\n\t\t\t\t<div class=\"elementor-element elementor-element-3e3f6b7 elementor-hidden-mobile elementor-widget elementor-widget-html\" data-id=\"3e3f6b7\" data-element_type=\"widget\" data-widget_type=\"html.default\">\n\t\t\t\t<div class=\"elementor-widget-container\">\n\t\t\t\t\t<!-- TradingView Widget BEGIN -->\n<div class=\"tradingview-widget-container\" style=\"border: 1px solid #494949; border-radius: 0px;\">\n  <div class=\"tradingview-widget-container__widget\"><\/div>\n  <div class=\"tradingview-widget-copyright\"><a href=\"https:\/\/www.tradingview.com\/\" rel=\"noopener nofollow\" target=\"_blank\"><span class=\"blue-text\"><\/span><\/a><\/div>\n  <script type=\"text\/javascript\" src=\"https:\/\/s3.tradingview.com\/external-embedding\/embed-widget-technical-analysis.js\" async>\n  {\n  \"interval\": \"1m\",\n  \"width\": \"800\",\n  \"isTransparent\": true,\n  \"height\": \"400\",\n  \"symbol\": \"NASDAQ:AAPL\",\n  \"showIntervalTabs\": true,\n  \"displayMode\": \"single\",\n  \"locale\": \"en\",\n  \"colorTheme\": \"dark\"\n}\n  <\/script>\n<\/div>\n<!-- TradingView Widget END -->\t\t\t\t<\/div>\n\t\t\t\t<\/div>\n\t\t\t\t<div class=\"elementor-element elementor-element-403151d elementor-hidden-desktop elementor-hidden-tablet elementor-widget elementor-widget-html\" data-id=\"403151d\" data-element_type=\"widget\" data-widget_type=\"html.default\">\n\t\t\t\t<div class=\"elementor-widget-container\">\n\t\t\t\t\t<!-- TradingView Widget BEGIN -->\n<div class=\"tradingview-widget-container\" style=\"border: 1px solid #494949; border-radius: 0px;\">\n  <div class=\"tradingview-widget-container__widget\"><\/div>\n  <div class=\"tradingview-widget-copyright\"><a href=\"https:\/\/www.tradingview.com\/\" rel=\"noopener nofollow\" target=\"_blank\"><span class=\"blue-text\"><\/span><\/a><\/div>\n  <script type=\"text\/javascript\" src=\"https:\/\/s3.tradingview.com\/external-embedding\/embed-widget-technical-analysis.js\" async>\n  {\n  \"interval\": \"1m\",\n  \"width\": \"375\",\n  \"isTransparent\": true,\n  \"height\": \"480\",\n  \"symbol\": \"NASDAQ:AAPL\",\n  \"showIntervalTabs\": true,\n  \"displayMode\": \"single\",\n  \"locale\": \"en\",\n  \"colorTheme\": \"dark\"\n}\n  <\/script>\n<\/div>\n<!-- TradingView Widget END -->\t\t\t\t<\/div>\n\t\t\t\t<\/div>\n\t\t\t\t<\/div>\n\t\t\t\t<\/div>\n\t\t<div class=\"elementor-element elementor-element-cca084a e-con-full e-flex e-con e-child\" data-id=\"cca084a\" data-element_type=\"container\">\n\t\t<div class=\"elementor-element elementor-element-b82fb20 e-con-full elementor-hidden-mobile e-flex elementor-invisible e-con e-child\" data-id=\"b82fb20\" data-element_type=\"container\" data-settings=\"{&quot;animation&quot;:&quot;zoomIn&quot;}\">\n\t\t\t\t<div class=\"elementor-element elementor-element-29ceee9 elementor-hidden-mobile elementor-widget elementor-widget-html\" data-id=\"29ceee9\" data-element_type=\"widget\" data-widget_type=\"html.default\">\n\t\t\t\t<div class=\"elementor-widget-container\">\n\t\t\t\t\t<!-- TradingView Widget BEGIN -->\n<div class=\"tradingview-widget-container\" style=\"border: 1px solid #494949; border-radius: 0px;\">\n  <div class=\"tradingview-widget-container__widget\"><\/div>\n  <div class=\"tradingview-widget-copyright\"><a href=\"https:\/\/www.tradingview.com\/\" rel=\"noopener nofollow\" target=\"_blank\"><span class=\"blue-text\"><\/span><\/a><\/div>\n  <script type=\"text\/javascript\" src=\"https:\/\/s3.tradingview.com\/external-embedding\/embed-widget-financials.js\" async>\n  {\n  \"isTransparent\": true,\n  \"largeChartUrl\": \"\",\n  \"displayMode\": \"regular\",\n  \"width\": \"800\",\n  \"height\": \"600\",\n  \"colorTheme\": \"dark\",\n  \"symbol\": \"NASDAQ:AAPL\",\n  \"locale\": \"en\"\n}\n  <\/script>\n<\/div>\n<!-- TradingView Widget END -->\t\t\t\t<\/div>\n\t\t\t\t<\/div>\n\t\t\t\t<\/div>\n\t\t<div class=\"elementor-element elementor-element-601d877 e-con-full e-flex e-con e-child\" data-id=\"601d877\" data-element_type=\"container\">\n\t\t<div class=\"elementor-element elementor-element-66f93de e-con-full e-flex e-con e-child\" data-id=\"66f93de\" data-element_type=\"container\">\n\t\t\t\t<div class=\"elementor-element elementor-element-ddc76ae elementor-widget elementor-widget-elementskit-heading\" data-id=\"ddc76ae\" data-element_type=\"widget\" data-widget_type=\"elementskit-heading.default\">\n\t\t\t\t<div class=\"elementor-widget-container\">\n\t\t\t\t\t<div class=\"ekit-wid-con\" ><div class=\"ekit-heading elementskit-section-title-wraper text_right   ekit_heading_tablet-   ekit_heading_mobile-\"><h3 class=\"elementskit-section-subtitle   ekit-heading__subtitle-has-border\">\n\t\t\t\t\t\tIdeas fundamentales\n\t\t\t\t\t<\/h3><h2 class=\"ekit-heading--title elementskit-section-title\"><span><span>Finanzas de AAPL<\/span><\/span> - Principales indicadores del mercado<\/h2>\t\t\t\t<div class='ekit-heading__description'>\n\t\t\t\t\t<div class=\"flex max-w-full flex-col flex-grow\">\n<div class=\"min-h-8 text-message flex w-full flex-col items-end gap-2 whitespace-normal break-words text-start [.text-message+&amp;]:mt-5\">\n<div class=\"flex w-full flex-col gap-1 empty:hidden first:pt-[3px]\">\n<div class=\"markdown prose w-full break-words dark:prose-invert light\">\n<p>Explora los principales indicadores financieros de Apple, como la capitalizaci\u00f3n burs\u00e1til, los ratios de beneficios, los datos del balance y el rendimiento de los dividendos. Echa un vistazo en profundidad a la valoraci\u00f3n, las m\u00e9tricas operativas y las cuentas de resultados para tomar decisiones de inversi\u00f3n informadas.<\/p>\n<\/div>\n<\/div>\n<\/div>\n<\/div>\n\t\t\t\t<\/div>\n\t\t\t<\/div><\/div>\t\t\t\t<\/div>\n\t\t\t\t<\/div>\n\t\t<div class=\"elementor-element elementor-element-6e5a16a e-con-full e-flex e-con e-child\" data-id=\"6e5a16a\" data-element_type=\"container\">\n\t\t\t\t<div class=\"elementor-element elementor-element-bb8c296 elementor-widget elementor-widget-heading\" data-id=\"bb8c296\" data-element_type=\"widget\" data-widget_type=\"heading.default\">\n\t\t\t\t<div class=\"elementor-widget-container\">\n\t\t\t\t\t<h2 class=\"elementor-heading-title elementor-size-default\">#AAPLFinancials\n\n<\/h2>\t\t\t\t<\/div>\n\t\t\t\t<\/div>\n\t\t\t\t<div class=\"elementor-element elementor-element-c957d63 elementor-widget elementor-widget-heading\" data-id=\"c957d63\" data-element_type=\"widget\" data-widget_type=\"heading.default\">\n\t\t\t\t<div class=\"elementor-widget-container\">\n\t\t\t\t\t<h2 class=\"elementor-heading-title elementor-size-default\">#StockMetrics\n\n<\/h2>\t\t\t\t<\/div>\n\t\t\t\t<\/div>\n\t\t\t\t<div class=\"elementor-element elementor-element-33869e8 elementor-widget elementor-widget-heading\" data-id=\"33869e8\" data-element_type=\"widget\" data-widget_type=\"heading.default\">\n\t\t\t\t<div class=\"elementor-widget-container\">\n\t\t\t\t\t<h2 class=\"elementor-heading-title elementor-size-default\">#InvestWisely\n<\/h2>\t\t\t\t<\/div>\n\t\t\t\t<\/div>\n\t\t\t\t<div class=\"elementor-element elementor-element-d8c44a4 elementor-widget elementor-widget-heading\" data-id=\"d8c44a4\" data-element_type=\"widget\" data-widget_type=\"heading.default\">\n\t\t\t\t<div class=\"elementor-widget-container\">\n\t\t\t\t\t<h2 class=\"elementor-heading-title elementor-size-default\">#StockAnalysis\n<\/h2>\t\t\t\t<\/div>\n\t\t\t\t<\/div>\n\t\t\t\t<div class=\"elementor-element elementor-element-5082db7 elementor-widget elementor-widget-heading\" data-id=\"5082db7\" data-element_type=\"widget\" data-widget_type=\"heading.default\">\n\t\t\t\t<div class=\"elementor-widget-container\">\n\t\t\t\t\t<h2 class=\"elementor-heading-title elementor-size-default\">#TechInvesting\n\n<\/h2>\t\t\t\t<\/div>\n\t\t\t\t<\/div>\n\t\t\t\t<div class=\"elementor-element elementor-element-e401721 elementor-widget elementor-widget-heading\" data-id=\"e401721\" data-element_type=\"widget\" data-widget_type=\"heading.default\">\n\t\t\t\t<div class=\"elementor-widget-container\">\n\t\t\t\t\t<h2 class=\"elementor-heading-title elementor-size-default\">#MarketData\n\n<\/h2>\t\t\t\t<\/div>\n\t\t\t\t<\/div>\n\t\t\t\t<div class=\"elementor-element elementor-element-5d04ae9 elementor-widget elementor-widget-heading\" data-id=\"5d04ae9\" data-element_type=\"widget\" data-widget_type=\"heading.default\">\n\t\t\t\t<div class=\"elementor-widget-container\">\n\t\t\t\t\t<h2 class=\"elementor-heading-title elementor-size-default\">#TradingInsights\n<\/h2>\t\t\t\t<\/div>\n\t\t\t\t<\/div>\n\t\t\t\t<\/div>\n\t\t\t\t<\/div>\n\t\t<div class=\"elementor-element elementor-element-2db3288 e-con-full elementor-hidden-desktop elementor-hidden-tablet e-flex elementor-invisible e-con e-child\" data-id=\"2db3288\" data-element_type=\"container\" data-settings=\"{&quot;animation&quot;:&quot;zoomIn&quot;}\">\n\t\t\t\t<div class=\"elementor-element elementor-element-00c90d4 elementor-hidden-mobile elementor-widget elementor-widget-html\" data-id=\"00c90d4\" data-element_type=\"widget\" data-widget_type=\"html.default\">\n\t\t\t\t<div class=\"elementor-widget-container\">\n\t\t\t\t\t<!-- TradingView Widget BEGIN -->\n<div class=\"tradingview-widget-container\" style=\"border: 1px solid #494949; border-radius: 0px;\">\n  <div class=\"tradingview-widget-container__widget\"><\/div>\n  <div class=\"tradingview-widget-copyright\"><a href=\"https:\/\/www.tradingview.com\/\" rel=\"noopener nofollow\" target=\"_blank\"><span class=\"blue-text\"><\/span><\/a><\/div>\n  <script type=\"text\/javascript\" src=\"https:\/\/s3.tradingview.com\/external-embedding\/embed-widget-symbol-overview.js\" async>\n  {\n  \"symbols\": [\n    [\n      \"Apple\",\n      \"AAPL|1D\"\n    ],\n    [\n      \"Google\",\n      \"GOOGL|1D\"\n    ],\n    [\n      \"Microsoft\",\n      \"MSFT|1D\"\n    ]\n  ],\n  \"chartOnly\": false,\n  \"width\": \"800\",\n  \"height\": \"600\",\n  \"locale\": \"en\",\n  \"colorTheme\": \"dark\",\n  \"autosize\": false,\n  \"showVolume\": false,\n  \"showMA\": false,\n  \"hideDateRanges\": false,\n  \"hideMarketStatus\": false,\n  \"hideSymbolLogo\": false,\n  \"scalePosition\": \"right\",\n  \"scaleMode\": \"Normal\",\n  \"fontFamily\": \"-apple-system, BlinkMacSystemFont, Trebuchet MS, Roboto, Ubuntu, sans-serif\",\n  \"fontSize\": \"10\",\n  \"noTimeScale\": false,\n  \"valuesTracking\": \"1\",\n  \"changeMode\": \"price-and-percent\",\n  \"chartType\": \"area\",\n  \"maLineColor\": \"#2962FF\",\n  \"maLineWidth\": 1,\n  \"maLength\": 9,\n  \"headerFontSize\": \"medium\",\n  \"gridLineColor\": \"rgba(242, 242, 242, 0.09)\",\n  \"backgroundColor\": \"rgba(15, 15, 15, 0)\",\n  \"widgetFontColor\": \"rgba(219, 219, 219, 1)\",\n  \"lineWidth\": 2,\n  \"lineType\": 0,\n  \"dateRanges\": [\n    \"1d|1\",\n    \"1m|30\",\n    \"3m|60\",\n    \"12m|1D\",\n    \"60m|1W\",\n    \"all|1M\"\n  ]\n}\n  <\/script>\n<\/div>\n<!-- TradingView Widget END -->\t\t\t\t<\/div>\n\t\t\t\t<\/div>\n\t\t\t\t<div class=\"elementor-element elementor-element-dc359fe elementor-hidden-desktop elementor-hidden-tablet elementor-widget elementor-widget-html\" data-id=\"dc359fe\" data-element_type=\"widget\" data-widget_type=\"html.default\">\n\t\t\t\t<div class=\"elementor-widget-container\">\n\t\t\t\t\t<!-- TradingView Widget BEGIN -->\n<div class=\"tradingview-widget-container\" style=\"border: 1px solid #494949; border-radius: 0px;\">\n  <div class=\"tradingview-widget-container__widget\"><\/div>\n  <div class=\"tradingview-widget-copyright\"><a href=\"https:\/\/www.tradingview.com\/\" rel=\"noopener nofollow\" target=\"_blank\"><span class=\"blue-text\"><\/span><\/a><\/div>\n  <script type=\"text\/javascript\" src=\"https:\/\/s3.tradingview.com\/external-embedding\/embed-widget-financials.js\" async>\n  {\n  \"isTransparent\": true,\n  \"largeChartUrl\": \"\",\n  \"displayMode\": \"regular\",\n  \"width\": \"375\",\n  \"height\": \"550\",\n  \"colorTheme\": \"dark\",\n  \"symbol\": \"NASDAQ:AAPL\",\n  \"locale\": \"en\"\n}\n  <\/script>\n<\/div>\n<!-- TradingView Widget END -->\t\t\t\t<\/div>\n\t\t\t\t<\/div>\n\t\t\t\t<\/div>\n\t\t\t\t<\/div>\n\t\t\t\t<\/div>\n\t\t\t\t\t<\/div>\n\t\t\t\t<\/div>\n\t\t\t\t<\/div>","protected":false},"excerpt":{"rendered":"<p>Instrument Fund via the Gi-black &#8211; a Ground-Breaking Money and Risk Management Tool Gi-black made funding and withdrawal of funds even easier with the FxPro Wallet. You can now transfer funds between your FxPro Wallet and trading accounts at any time you wish. Get Started Market Signals Technical Analysis for AAPL Get instant technical analysis of Apple (AAPL) stock across [&hellip;]<\/p>","protected":false},"author":2,"featured_media":0,"parent":0,"menu_order":0,"comment_status":"closed","ping_status":"closed","template":"elementor_header_footer","meta":{"footnotes":""},"class_list":["post-2157","page","type-page","status-publish","hentry"],"_links":{"self":[{"href":"https:\/\/gi-black.com\/es\/wp-json\/wp\/v2\/pages\/2157","targetHints":{"allow":["GET"]}}],"collection":[{"href":"https:\/\/gi-black.com\/es\/wp-json\/wp\/v2\/pages"}],"about":[{"href":"https:\/\/gi-black.com\/es\/wp-json\/wp\/v2\/types\/page"}],"author":[{"embeddable":true,"href":"https:\/\/gi-black.com\/es\/wp-json\/wp\/v2\/users\/2"}],"replies":[{"embeddable":true,"href":"https:\/\/gi-black.com\/es\/wp-json\/wp\/v2\/comments?post=2157"}],"version-history":[{"count":67,"href":"https:\/\/gi-black.com\/es\/wp-json\/wp\/v2\/pages\/2157\/revisions"}],"predecessor-version":[{"id":2923,"href":"https:\/\/gi-black.com\/es\/wp-json\/wp\/v2\/pages\/2157\/revisions\/2923"}],"wp:attachment":[{"href":"https:\/\/gi-black.com\/es\/wp-json\/wp\/v2\/media?parent=2157"}],"curies":[{"name":"wp","href":"https:\/\/api.w.org\/{rel}","templated":true}]}}