{"id":1298,"date":"2025-02-12T14:28:26","date_gmt":"2025-02-12T14:28:26","guid":{"rendered":"https:\/\/gi-black.com\/?page_id=1298"},"modified":"2025-03-03T10:09:39","modified_gmt":"2025-03-03T10:09:39","slug":"about-us","status":"publish","type":"page","link":"https:\/\/gi-black.com\/fr\/about-us\/","title":{"rendered":"\u00c0 propos"},"content":{"rendered":"<div data-elementor-type=\"wp-page\" data-elementor-id=\"1298\" class=\"elementor elementor-1298\" data-elementor-post-type=\"page\">\n\t\t\t\t<div class=\"elementor-element elementor-element-aba2678 e-flex e-con-boxed e-con e-parent\" data-id=\"aba2678\" data-element_type=\"container\" data-settings=\"{&quot;background_background&quot;:&quot;classic&quot;}\">\n\t\t\t\t\t<div class=\"e-con-inner\">\n\t\t<div class=\"elementor-element elementor-element-17b8df4 e-con-full e-flex e-con e-child\" data-id=\"17b8df4\" data-element_type=\"container\">\n\t\t\t\t<div class=\"elementor-element elementor-element-36b5cb9 elementor-widget elementor-widget-progress-tracker\" data-id=\"36b5cb9\" data-element_type=\"widget\" data-settings=\"{&quot;sticky&quot;:&quot;top&quot;,&quot;type&quot;:&quot;horizontal&quot;,&quot;relative_to&quot;:&quot;entire_page&quot;,&quot;percentage&quot;:&quot;no&quot;,&quot;sticky_on&quot;:[&quot;desktop&quot;,&quot;tablet&quot;,&quot;mobile&quot;],&quot;sticky_offset&quot;:0,&quot;sticky_effects_offset&quot;:0}\" data-widget_type=\"progress-tracker.default\">\n\t\t\t\t<div class=\"elementor-widget-container\">\n\t\t\t\t\t\n\t\t<div class=\"elementor-scrolling-tracker elementor-scrolling-tracker-horizontal elementor-scrolling-tracker-alignment-\">\n\t\t\t\t\t\t<div class=\"current-progress\">\n\t\t\t\t\t<div class=\"current-progress-percentage\"><\/div>\n\t\t\t\t<\/div>\n\t\t\t\t<\/div>\n\t\t\t\t\t\t<\/div>\n\t\t\t\t<\/div>\n\t\t\t\t<\/div>\n\t\t\t\t\t<\/div>\n\t\t\t\t<\/div>\n\t\t<div class=\"elementor-element elementor-element-88dcb1b e-con-full e-flex e-con e-parent\" data-id=\"88dcb1b\" data-element_type=\"container\" data-settings=\"{&quot;background_background&quot;:&quot;classic&quot;}\">\n\t\t<div class=\"elementor-element elementor-element-f914c75 e-con-full e-flex e-con e-child\" data-id=\"f914c75\" data-element_type=\"container\" data-settings=\"{&quot;background_background&quot;:&quot;classic&quot;}\">\n\t\t<div class=\"elementor-element elementor-element-6e18261 e-con-full animated-slow e-flex elementor-invisible e-con e-child\" data-id=\"6e18261\" data-element_type=\"container\" data-settings=\"{&quot;background_background&quot;:&quot;classic&quot;,&quot;animation&quot;:&quot;zoomIn&quot;}\">\n\t\t<div class=\"elementor-element elementor-element-db506c9 e-flex e-con-boxed e-con e-child\" data-id=\"db506c9\" data-element_type=\"container\">\n\t\t\t\t\t<div class=\"e-con-inner\">\n\t\t<div class=\"elementor-element elementor-element-ff76ca9 e-con-full e-flex e-con e-child\" data-id=\"ff76ca9\" data-element_type=\"container\">\n\t\t<div class=\"elementor-element elementor-element-b530584 e-con-full e-flex e-con e-child\" data-id=\"b530584\" data-element_type=\"container\">\n\t\t\t\t<div class=\"elementor-element elementor-element-ea7dc75 elementor-widget elementor-widget-elementskit-heading\" data-id=\"ea7dc75\" data-element_type=\"widget\" data-widget_type=\"elementskit-heading.default\">\n\t\t\t\t<div class=\"elementor-widget-container\">\n\t\t\t\t\t<div class=\"ekit-wid-con\" ><div class=\"ekit-heading elementskit-section-title-wraper text_left   ekit_heading_tablet-   ekit_heading_mobile-\"><h3 class=\"elementskit-section-subtitle   ekit-heading__subtitle-has-border\">\n\t\t\t\t\t\t\u00c0 propos\n\t\t\t\t\t<\/h3><h2 class=\"ekit-heading--title elementskit-section-title\">10 ans <span><span>de fiabilit\u00e9<\/span><\/span>  et de croissance <\/h2>\t\t\t\t<div class='ekit-heading__description'>\n\t\t\t\t\t<p>Nous fa\u00e7onnons l'avenir en combinant l'exp\u00e9rience, l'innovation et l'engagement \u00e0 l'excellence. Depuis 10 ans, notre entreprise est rest\u00e9e un partenaire de confiance, mettant en \u0153uvre des solutions de pointe et \u00e9tablissant de nouvelles normes de qualit\u00e9.<\/p>\n\t\t\t\t<\/div>\n\t\t\t<\/div><\/div>\t\t\t\t<\/div>\n\t\t\t\t<\/div>\n\t\t\t\t<div class=\"elementor-element elementor-element-a4a925b elementor-mobile-align-justify elementor-widget elementor-widget-button\" data-id=\"a4a925b\" data-element_type=\"widget\" data-widget_type=\"button.default\">\n\t\t\t\t<div class=\"elementor-widget-container\">\n\t\t\t\t\t\t\t\t\t<div class=\"elementor-button-wrapper\">\n\t\t\t\t\t<a class=\"elementor-button elementor-button-link elementor-size-sm\" href=\"https:\/\/inv.gi-black.com\/registration\">\n\t\t\t\t\t\t<span class=\"elementor-button-content-wrapper\">\n\t\t\t\t\t\t\t\t\t<span class=\"elementor-button-text\">Commencer<\/span>\n\t\t\t\t\t<\/span>\n\t\t\t\t\t<\/a>\n\t\t\t\t<\/div>\n\t\t\t\t\t\t\t\t<\/div>\n\t\t\t\t<\/div>\n\t\t\t\t<\/div>\n\t\t\t\t<\/div>\n\t\t\t\t\t<\/div>\n\t\t\t\t<\/div>\n\t\t\t\t<\/div>\n\t\t\t\t<\/div>\n\t\t\t\t<\/div>\n\t\t<div class=\"elementor-element elementor-element-5b8e48b e-flex e-con-boxed e-con e-parent\" data-id=\"5b8e48b\" data-element_type=\"container\" data-settings=\"{&quot;background_background&quot;:&quot;classic&quot;}\">\n\t\t\t\t\t<div class=\"e-con-inner\">\n\t\t<div class=\"elementor-element elementor-element-8cf49ef e-con-full e-flex e-con e-child\" data-id=\"8cf49ef\" data-element_type=\"container\">\n\t\t<div class=\"elementor-element elementor-element-352b37d e-con-full e-flex e-con e-child\" data-id=\"352b37d\" data-element_type=\"container\">\n\t\t\t\t<div class=\"elementor-element elementor-element-9d39cbf elementor-widget elementor-widget-elementskit-heading\" data-id=\"9d39cbf\" data-element_type=\"widget\" data-widget_type=\"elementskit-heading.default\">\n\t\t\t\t<div class=\"elementor-widget-container\">\n\t\t\t\t\t<div class=\"ekit-wid-con\" ><div class=\"ekit-heading elementskit-section-title-wraper text_left   ekit_heading_tablet-   ekit_heading_mobile-\"><h3 class=\"elementskit-section-subtitle   ekit-heading__subtitle-has-border\">\n\t\t\t\t\t\tChoisissez-nous\n\t\t\t\t\t<\/h3><h2 class=\"ekit-heading--title elementskit-section-title\">Pourquoi choisir <span><span>Gi-black?<\/span><\/span> <\/h2>\t\t\t\t<div class='ekit-heading__description'>\n\t\t\t\t\t<p>Nous offrons des services de courtage en crypto-monnaies de qualit\u00e9 professionnelle pour les d\u00e9butants et les traders exp\u00e9riment\u00e9s. De la gestion s\u00e9curis\u00e9e des actifs aux conseils d'experts, nous fournissons les outils dont vous avez besoin pour r\u00e9ussir.<\/p>\n\t\t\t\t<\/div>\n\t\t\t<\/div><\/div>\t\t\t\t<\/div>\n\t\t\t\t<\/div>\n\t\t\t\t<\/div>\n\t\t\t\t<\/div>\n\t\t<div class=\"elementor-element elementor-element-f782684 e-con-full elementor-hidden-tablet elementor-hidden-mobile e-flex e-con e-child\" data-id=\"f782684\" data-element_type=\"container\" data-settings=\"{&quot;background_background&quot;:&quot;classic&quot;}\">\n\t\t\t\t<\/div>\n\t\t<div class=\"elementor-element elementor-element-e9a4f92 e-con-full e-flex e-con e-child\" data-id=\"e9a4f92\" data-element_type=\"container\">\n\t\t<div class=\"elementor-element elementor-element-63fd643 e-con-full e-flex e-con e-child\" data-id=\"63fd643\" data-element_type=\"container\">\n\t\t<div class=\"elementor-element elementor-element-cd96050 e-con-full e-flex e-con e-child\" data-id=\"cd96050\" data-element_type=\"container\">\n\t\t\t\t<div class=\"elementor-element elementor-element-fdcaa89 elementor-widget elementor-widget-heading\" data-id=\"fdcaa89\" data-element_type=\"widget\" data-widget_type=\"heading.default\">\n\t\t\t\t<div class=\"elementor-widget-container\">\n\t\t\t\t\t<h2 class=\"elementor-heading-title elementor-size-default\">S\u00e9curit\u00e9 et fiabilit\u00e9 sans compromis<\/h2>\t\t\t\t<\/div>\n\t\t\t\t<\/div>\n\t\t\t\t<div class=\"elementor-element elementor-element-98c15a3 elementor-widget elementor-widget-text-editor\" data-id=\"98c15a3\" data-element_type=\"widget\" data-widget_type=\"text-editor.default\">\n\t\t\t\t<div class=\"elementor-widget-container\">\n\t\t\t\t\t\t\t\t\t<p>Vos actifs sont prot\u00e9g\u00e9s par des syst\u00e8mes de s\u00e9curit\u00e9 avanc\u00e9s, notamment le cryptage multicouche, le stockage \u00e0 froid et la surveillance en temps r\u00e9el. Nous assurons une protection de niveau institutionnel pour vos fonds et vos donn\u00e9es.<\/p>\t\t\t\t\t\t\t\t<\/div>\n\t\t\t\t<\/div>\n\t\t\t\t<\/div>\n\t\t<div class=\"elementor-element elementor-element-be58493 e-con-full e-flex e-con e-child\" data-id=\"be58493\" data-element_type=\"container\">\n\t\t\t\t<div class=\"elementor-element elementor-element-738beb2 elementor-widget elementor-widget-heading\" data-id=\"738beb2\" data-element_type=\"widget\" data-widget_type=\"heading.default\">\n\t\t\t\t<div class=\"elementor-widget-container\">\n\t\t\t\t\t<h2 class=\"elementor-heading-title elementor-size-default\">Outils de trading de pointe et informations sur les march\u00e9s<\/h2>\t\t\t\t<\/div>\n\t\t\t\t<\/div>\n\t\t\t\t<div class=\"elementor-element elementor-element-18caeb2 elementor-widget elementor-widget-text-editor\" data-id=\"18caeb2\" data-element_type=\"widget\" data-widget_type=\"text-editor.default\">\n\t\t\t\t<div class=\"elementor-widget-container\">\n\t\t\t\t\t\t\t\t\t<p>Gardez une longueur d'avance gr\u00e2ce aux analyses pilot\u00e9es par l'IA, \u00e0 l'ex\u00e9cution rapide des ordres et aux strat\u00e9gies de trading personnalisables. Acc\u00e9dez \u00e0 des liquidit\u00e9s importantes, \u00e0 une int\u00e9gration API transparente et \u00e0 des informations sur le march\u00e9 en temps r\u00e9el pour un trading strat\u00e9gique et \u00e9clair\u00e9.<\/p>\t\t\t\t\t\t\t\t<\/div>\n\t\t\t\t<\/div>\n\t\t\t\t<\/div>\n\t\t<div class=\"elementor-element elementor-element-ff47f49 e-con-full e-flex e-con e-child\" data-id=\"ff47f49\" data-element_type=\"container\">\n\t\t\t\t<div class=\"elementor-element elementor-element-224c0ca elementor-widget elementor-widget-heading\" data-id=\"224c0ca\" data-element_type=\"widget\" data-widget_type=\"heading.default\">\n\t\t\t\t<div class=\"elementor-widget-container\">\n\t\t\t\t\t<h2 class=\"elementor-heading-title elementor-size-default\">Soutien sp\u00e9cialis\u00e9 et conformit\u00e9 r\u00e9glementaire<\/h2>\t\t\t\t<\/div>\n\t\t\t\t<\/div>\n\t\t\t\t<div class=\"elementor-element elementor-element-c7551c3 elementor-widget elementor-widget-text-editor\" data-id=\"c7551c3\" data-element_type=\"widget\" data-widget_type=\"text-editor.default\">\n\t\t\t\t<div class=\"elementor-widget-container\">\n\t\t\t\t\t\t\t\t\t<p>Nos experts sont disponibles 24 heures sur 24, 7 jours sur 7, pour vous aider dans tous les domaines, de la cr\u00e9ation d'un compte \u00e0 la n\u00e9gociation avanc\u00e9e. Nous garantissons une transparence et une conformit\u00e9 totales, offrant un environnement s\u00e9curis\u00e9 pour vos investissements.<\/p>\t\t\t\t\t\t\t\t<\/div>\n\t\t\t\t<\/div>\n\t\t\t\t<\/div>\n\t\t\t\t<\/div>\n\t\t<div class=\"elementor-element elementor-element-7860df9 e-con-full e-flex e-con e-child\" data-id=\"7860df9\" data-element_type=\"container\">\n\t\t<div class=\"elementor-element elementor-element-5bf8575 e-con-full e-flex e-con e-child\" data-id=\"5bf8575\" data-element_type=\"container\">\n\t\t\t\t<div class=\"elementor-element elementor-element-5d0a390 elementor-widget elementor-widget-elementskit-heading\" data-id=\"5d0a390\" data-element_type=\"widget\" data-widget_type=\"elementskit-heading.default\">\n\t\t\t\t<div class=\"elementor-widget-container\">\n\t\t\t\t\t<div class=\"ekit-wid-con\" ><div class=\"ekit-heading elementskit-section-title-wraper text_left   ekit_heading_tablet-   ekit_heading_mobile-\"><h3 class=\"elementskit-section-subtitle   ekit-heading__subtitle-has-border\">\n\t\t\t\t\t\tAvantages\n\t\t\t\t\t<\/h3><h2 class=\"ekit-heading--title elementskit-section-title translation-block\">B\u00e9n\u00e9fice maximum<\/h2>\t\t\t\t<div class='ekit-heading__description'>\n\t\t\t\t\t<p>B\u00e9n\u00e9ficiez d'un plus grand nombre d'opportunit\u00e9s pour r\u00e9ussir vos transactions gr\u00e2ce \u00e0 nos conditions uniques. Nous fournissons des outils de pointe, une assistance experte et une ex\u00e9cution sans faille pour vous aider \u00e0 maximiser vos r\u00e9sultats.<\/p>\n\t\t\t\t<\/div>\n\t\t\t<\/div><\/div>\t\t\t\t<\/div>\n\t\t\t\t<\/div>\n\t\t\t\t<\/div>\n\t\t<div class=\"elementor-element elementor-element-c03b30a e-con-full e-flex e-con e-child\" data-id=\"c03b30a\" data-element_type=\"container\">\n\t\t\t\t<\/div>\n\t\t<div class=\"elementor-element elementor-element-3ebe877 e-con-full e-flex e-con e-child\" data-id=\"3ebe877\" data-element_type=\"container\">\n\t\t\t\t<\/div>\n\t\t\t\t<\/div>\n\t\t\t\t<\/div>\n\t\t<div class=\"elementor-element elementor-element-2c29c63 e-con-full e-flex e-con e-child\" data-id=\"2c29c63\" data-element_type=\"container\" data-settings=\"{&quot;background_background&quot;:&quot;classic&quot;}\">\n\t\t<div class=\"elementor-element elementor-element-5c7794e e-con-full e-flex e-con e-child\" data-id=\"5c7794e\" data-element_type=\"container\">\n\t\t\t\t<div class=\"elementor-element elementor-element-9accf5d elementor-widget elementor-widget-counter\" data-id=\"9accf5d\" data-element_type=\"widget\" data-widget_type=\"counter.default\">\n\t\t\t\t<div class=\"elementor-widget-container\">\n\t\t\t\t\t\t\t<div class=\"elementor-counter\">\n\t\t\t\t\t\t<div class=\"elementor-counter-number-wrapper\">\n\t\t\t\t<span class=\"elementor-counter-number-prefix\"><\/span>\n\t\t\t\t<span class=\"elementor-counter-number\" data-duration=\"2000\" data-to-value=\"100\" data-from-value=\"0\">0<\/span>\n\t\t\t\t<span class=\"elementor-counter-number-suffix\">%<\/span>\n\t\t\t<\/div>\n\t\t<\/div>\n\t\t\t\t\t\t<\/div>\n\t\t\t\t<\/div>\n\t\t\t\t<div class=\"elementor-element elementor-element-614c634 elementor-widget elementor-widget-heading\" data-id=\"614c634\" data-element_type=\"widget\" data-widget_type=\"heading.default\">\n\t\t\t\t<div class=\"elementor-widget-container\">\n\t\t\t\t\t<h2 class=\"elementor-heading-title elementor-size-default\">S\u00e9curit\u00e9<\/h2>\t\t\t\t<\/div>\n\t\t\t\t<\/div>\n\t\t\t\t<div class=\"elementor-element elementor-element-2b76c9a elementor-widget elementor-widget-text-editor\" data-id=\"2b76c9a\" data-element_type=\"widget\" data-widget_type=\"text-editor.default\">\n\t\t\t\t<div class=\"elementor-widget-container\">\n\t\t\t\t\t\t\t\t\t<p>Vos fonds sont enti\u00e8rement prot\u00e9g\u00e9s par un cryptage multicouche et des protocoles de s\u00e9curit\u00e9 avanc\u00e9s.<\/p>\t\t\t\t\t\t\t\t<\/div>\n\t\t\t\t<\/div>\n\t\t\t\t<\/div>\n\t\t<div class=\"elementor-element elementor-element-e8232b4 e-con-full e-flex e-con e-child\" data-id=\"e8232b4\" data-element_type=\"container\">\n\t\t\t\t<div class=\"elementor-element elementor-element-40077d0 elementor-widget elementor-widget-counter\" data-id=\"40077d0\" data-element_type=\"widget\" data-widget_type=\"counter.default\">\n\t\t\t\t<div class=\"elementor-widget-container\">\n\t\t\t\t\t\t\t<div class=\"elementor-counter\">\n\t\t\t\t\t\t<div class=\"elementor-counter-number-wrapper\">\n\t\t\t\t<span class=\"elementor-counter-number-prefix\"><\/span>\n\t\t\t\t<span class=\"elementor-counter-number\" data-duration=\"2000\" data-to-value=\"120\" data-from-value=\"0\">0<\/span>\n\t\t\t\t<span class=\"elementor-counter-number-suffix\">%<\/span>\n\t\t\t<\/div>\n\t\t<\/div>\n\t\t\t\t\t\t<\/div>\n\t\t\t\t<\/div>\n\t\t\t\t<div class=\"elementor-element elementor-element-2dc0270 elementor-widget elementor-widget-heading\" data-id=\"2dc0270\" data-element_type=\"widget\" data-widget_type=\"heading.default\">\n\t\t\t\t<div class=\"elementor-widget-container\">\n\t\t\t\t\t<h2 class=\"elementor-heading-title elementor-size-default\">Efficacit\u00e9<\/h2>\t\t\t\t<\/div>\n\t\t\t\t<\/div>\n\t\t\t\t<div class=\"elementor-element elementor-element-46a14a5 elementor-widget elementor-widget-text-editor\" data-id=\"46a14a5\" data-element_type=\"widget\" data-widget_type=\"text-editor.default\">\n\t\t\t\t<div class=\"elementor-widget-container\">\n\t\t\t\t\t\t\t\t\t<p>Am\u00e9liorez vos performances de trading gr\u00e2ce \u00e0 des analyses aliment\u00e9es par l'IA et \u00e0 des informations en temps r\u00e9el sur les march\u00e9s.<\/p>\t\t\t\t\t\t\t\t<\/div>\n\t\t\t\t<\/div>\n\t\t\t\t<\/div>\n\t\t<div class=\"elementor-element elementor-element-cc140d4 e-con-full e-flex e-con e-child\" data-id=\"cc140d4\" data-element_type=\"container\">\n\t\t\t\t<div class=\"elementor-element elementor-element-d217ecb elementor-widget elementor-widget-counter\" data-id=\"d217ecb\" data-element_type=\"widget\" data-widget_type=\"counter.default\">\n\t\t\t\t<div class=\"elementor-widget-container\">\n\t\t\t\t\t\t\t<div class=\"elementor-counter\">\n\t\t\t\t\t\t<div class=\"elementor-counter-number-wrapper\">\n\t\t\t\t<span class=\"elementor-counter-number-prefix\"><\/span>\n\t\t\t\t<span class=\"elementor-counter-number\" data-duration=\"2000\" data-to-value=\"150\" data-from-value=\"0\">0<\/span>\n\t\t\t\t<span class=\"elementor-counter-number-suffix\">%<\/span>\n\t\t\t<\/div>\n\t\t<\/div>\n\t\t\t\t\t\t<\/div>\n\t\t\t\t<\/div>\n\t\t\t\t<div class=\"elementor-element elementor-element-52c29a9 elementor-widget elementor-widget-heading\" data-id=\"52c29a9\" data-element_type=\"widget\" data-widget_type=\"heading.default\">\n\t\t\t\t<div class=\"elementor-widget-container\">\n\t\t\t\t\t<h2 class=\"elementor-heading-title elementor-size-default\">Rentabilit\u00e9<\/h2>\t\t\t\t<\/div>\n\t\t\t\t<\/div>\n\t\t\t\t<div class=\"elementor-element elementor-element-96706a2 elementor-widget elementor-widget-text-editor\" data-id=\"96706a2\" data-element_type=\"widget\" data-widget_type=\"text-editor.default\">\n\t\t\t\t<div class=\"elementor-widget-container\">\n\t\t\t\t\t\t\t\t\t<p>Optimisez vos investissements gr\u00e2ce \u00e0 des strat\u00e9gies \u00e0 haut rendement et \u00e0 des risques minimes.<\/p>\t\t\t\t\t\t\t\t<\/div>\n\t\t\t\t<\/div>\n\t\t\t\t<\/div>\n\t\t\t\t<\/div>\n\t\t\t\t\t<\/div>\n\t\t\t\t<\/div>\n\t\t<div class=\"elementor-element elementor-element-34906a4 e-flex e-con-boxed e-con e-parent\" data-id=\"34906a4\" data-element_type=\"container\" data-settings=\"{&quot;background_background&quot;:&quot;classic&quot;}\">\n\t\t\t\t\t<div class=\"e-con-inner\">\n\t\t<div class=\"elementor-element elementor-element-7185f12 e-con-full e-flex e-con e-child\" data-id=\"7185f12\" data-element_type=\"container\">\n\t\t<div class=\"elementor-element elementor-element-601449e e-con-full e-flex e-con e-child\" data-id=\"601449e\" data-element_type=\"container\">\n\t\t\t\t<div class=\"elementor-element elementor-element-0fcf602 elementor-widget elementor-widget-elementskit-heading\" data-id=\"0fcf602\" data-element_type=\"widget\" data-widget_type=\"elementskit-heading.default\">\n\t\t\t\t<div class=\"elementor-widget-container\">\n\t\t\t\t\t<div class=\"ekit-wid-con\" ><div class=\"ekit-heading elementskit-section-title-wraper text_left   ekit_heading_tablet-   ekit_heading_mobile-\"><h3 class=\"elementskit-section-subtitle   ekit-heading__subtitle-has-border\">\n\t\t\t\t\t\tNotre \u00e9quipe\n\t\t\t\t\t<\/h3><h2 class=\"ekit-heading--title elementskit-section-title\">Une \u00e9quipe <span><span>de professionnels<\/span><\/span>  Unis par un objectif <\/h2>\t\t\t\t<div class='ekit-heading__description'>\n\t\t\t\t\t<div class=\"flex max-w-full flex-col flex-grow\">\n<div class=\"min-h-8 text-message flex w-full flex-col items-end gap-2 whitespace-normal break-words text-start [.text-message+&amp;]:mt-5\">\n<div class=\"flex w-full flex-col gap-1 empty:hidden first:pt-[3px]\">\n<div class=\"markdown prose w-full break-words dark:prose-invert light\">\n<p>Nous sommes une \u00e9quipe d'experts alliant exp\u00e9rience, cr\u00e9ativit\u00e9 et connaissance approfondie du march\u00e9. Chacun de nos sp\u00e9cialistes est un professionnel d\u00e9vou\u00e9, pr\u00eat \u00e0 relever les d\u00e9fis et \u00e0 trouver les meilleures solutions.<\/p>\n<p>Nous travaillons comme un m\u00e9canisme unique o\u00f9 chaque contribution compte. Des analystes aux d\u00e9veloppeurs, nous sommes tous unis par un objectif : cr\u00e9er des produits innovants et fournir le meilleur service \u00e0 nos clients.<\/p>\n<\/div>\n<\/div>\n<\/div>\n<\/div>\n\t\t\t\t<\/div>\n\t\t\t<\/div><\/div>\t\t\t\t<\/div>\n\t\t\t\t<\/div>\n\t\t\t\t<div class=\"elementor-element elementor-element-b438a52 elementor-mobile-align-justify elementor-widget elementor-widget-button\" data-id=\"b438a52\" data-element_type=\"widget\" data-widget_type=\"button.default\">\n\t\t\t\t<div class=\"elementor-widget-container\">\n\t\t\t\t\t\t\t\t\t<div class=\"elementor-button-wrapper\">\n\t\t\t\t\t<a class=\"elementor-button elementor-button-link elementor-size-sm\" href=\"https:\/\/inv.gi-black.com\/registration\">\n\t\t\t\t\t\t<span class=\"elementor-button-content-wrapper\">\n\t\t\t\t\t\t\t\t\t<span class=\"elementor-button-text\">Commencer<\/span>\n\t\t\t\t\t<\/span>\n\t\t\t\t\t<\/a>\n\t\t\t\t<\/div>\n\t\t\t\t\t\t\t\t<\/div>\n\t\t\t\t<\/div>\n\t\t\t\t<\/div>\n\t\t\t\t<\/div>\n\t\t<div class=\"elementor-element elementor-element-46cd8e0 e-con-full e-flex e-con e-child\" data-id=\"46cd8e0\" data-element_type=\"container\">\n\t\t\t\t<\/div>\n\t\t\t\t\t<\/div>\n\t\t\t\t<\/div>\n\t\t<div class=\"elementor-element elementor-element-7428f4e e-con-full e-flex e-con e-parent\" data-id=\"7428f4e\" data-element_type=\"container\" data-settings=\"{&quot;background_background&quot;:&quot;classic&quot;}\">\n\t\t\t\t<div class=\"elementor-element elementor-element-e406258 elementor-cta--skin-cover elementor-animated-content elementor-bg-transform elementor-bg-transform-zoom-in elementor-widget elementor-widget-call-to-action\" data-id=\"e406258\" data-element_type=\"widget\" data-widget_type=\"call-to-action.default\">\n\t\t\t\t<div class=\"elementor-widget-container\">\n\t\t\t\t\t\t\t<div class=\"elementor-cta\">\n\t\t\t\t\t<div class=\"elementor-cta__bg-wrapper\">\n\t\t\t\t<div class=\"elementor-cta__bg elementor-bg\" style=\"background-image: url(https:\/\/gi-black.com\/wp-content\/uploads\/2025\/02\/bfdb-scaled.jpg);\" role=\"img\" aria-label=\"bfdb\"><\/div>\n\t\t\t\t<div class=\"elementor-cta__bg-overlay\"><\/div>\n\t\t\t<\/div>\n\t\t\t\t\t\t\t<div class=\"elementor-cta__content\">\n\t\t\t\t\n\t\t\t\t\t\t\t\t\t<h2 class=\"elementor-cta__title elementor-cta__content-item elementor-content-item elementor-animated-item--grow\">\n\t\t\t\t\t\tInvestir dans les crypto-monnaies  <br> En toute s\u00e9curit\u00e9 et en toute confiance\t\t\t\t\t<\/h2>\n\t\t\t\t\n\t\t\t\t\t\t\t\t\t<div class=\"elementor-cta__description elementor-cta__content-item elementor-content-item elementor-animated-item--grow\">\n\t\t\t\t\t\tInvestissez dans les crypto-monnaies en toute confiance, en toute s\u00e9curit\u00e9 et transparence.\t\t\t\t\t<\/div>\n\t\t\t\t\n\t\t\t\t\t\t\t\t\t<div class=\"elementor-cta__button-wrapper elementor-cta__content-item elementor-content-item elementor-animated-item--grow\">\n\t\t\t\t\t<a class=\"elementor-cta__button elementor-button elementor-size-\" href=\"https:\/\/inv.gi-black.com\/registration\">\n\t\t\t\t\t\tCommencer\t\t\t\t\t<\/a>\n\t\t\t\t\t<\/div>\n\t\t\t\t\t\t\t<\/div>\n\t\t\t\t\t\t<\/div>\n\t\t\t\t\t\t<\/div>\n\t\t\t\t<\/div>\n\t\t\t\t<\/div>\n\t\t\t\t<\/div>","protected":false},"excerpt":{"rendered":"<p>About Us 10 Years of Reliability and Growth We are shaping the future by combining experience, innovation, and a commitment to excellence. For 10 years, our company has remained a trusted partner, implementing cutting-edge solutions and setting new quality standards. Get Started Choose Us Why Choose Gi-black? We offer professional-grade crypto brokerage services for both beginners and experienced traders. From [&hellip;]<\/p>","protected":false},"author":2,"featured_media":0,"parent":0,"menu_order":0,"comment_status":"closed","ping_status":"closed","template":"elementor_header_footer","meta":{"footnotes":""},"class_list":["post-1298","page","type-page","status-publish","hentry"],"_links":{"self":[{"href":"https:\/\/gi-black.com\/fr\/wp-json\/wp\/v2\/pages\/1298","targetHints":{"allow":["GET"]}}],"collection":[{"href":"https:\/\/gi-black.com\/fr\/wp-json\/wp\/v2\/pages"}],"about":[{"href":"https:\/\/gi-black.com\/fr\/wp-json\/wp\/v2\/types\/page"}],"author":[{"embeddable":true,"href":"https:\/\/gi-black.com\/fr\/wp-json\/wp\/v2\/users\/2"}],"replies":[{"embeddable":true,"href":"https:\/\/gi-black.com\/fr\/wp-json\/wp\/v2\/comments?post=1298"}],"version-history":[{"count":226,"href":"https:\/\/gi-black.com\/fr\/wp-json\/wp\/v2\/pages\/1298\/revisions"}],"predecessor-version":[{"id":2913,"href":"https:\/\/gi-black.com\/fr\/wp-json\/wp\/v2\/pages\/1298\/revisions\/2913"}],"wp:attachment":[{"href":"https:\/\/gi-black.com\/fr\/wp-json\/wp\/v2\/media?parent=1298"}],"curies":[{"name":"wp","href":"https:\/\/api.w.org\/{rel}","templated":true}]}}